{"id":6358,"date":"2024-10-22T12:22:26","date_gmt":"2024-10-22T12:22:26","guid":{"rendered":"https:\/\/rejuvena.ca\/catherine-nadon\/"},"modified":"2025-01-28T18:47:07","modified_gmt":"2025-01-28T18:47:07","slug":"catherine-nadon","status":"publish","type":"page","link":"https:\/\/rejuvena.ca\/en\/catherine-nadon\/","title":{"rendered":"Catherine Nadon"},"content":{"rendered":"\t\t<div data-elementor-type=\"wp-page\" data-elementor-id=\"6358\" class=\"elementor elementor-6358 elementor-1204\" data-elementor-settings=\"{&quot;element_pack_global_tooltip_width&quot;:{&quot;unit&quot;:&quot;px&quot;,&quot;size&quot;:&quot;&quot;,&quot;sizes&quot;:[]},&quot;element_pack_global_tooltip_width_tablet&quot;:{&quot;unit&quot;:&quot;px&quot;,&quot;size&quot;:&quot;&quot;,&quot;sizes&quot;:[]},&quot;element_pack_global_tooltip_width_mobile&quot;:{&quot;unit&quot;:&quot;px&quot;,&quot;size&quot;:&quot;&quot;,&quot;sizes&quot;:[]},&quot;element_pack_global_tooltip_padding&quot;:{&quot;unit&quot;:&quot;px&quot;,&quot;top&quot;:&quot;&quot;,&quot;right&quot;:&quot;&quot;,&quot;bottom&quot;:&quot;&quot;,&quot;left&quot;:&quot;&quot;,&quot;isLinked&quot;:true},&quot;element_pack_global_tooltip_padding_tablet&quot;:{&quot;unit&quot;:&quot;px&quot;,&quot;top&quot;:&quot;&quot;,&quot;right&quot;:&quot;&quot;,&quot;bottom&quot;:&quot;&quot;,&quot;left&quot;:&quot;&quot;,&quot;isLinked&quot;:true},&quot;element_pack_global_tooltip_padding_mobile&quot;:{&quot;unit&quot;:&quot;px&quot;,&quot;top&quot;:&quot;&quot;,&quot;right&quot;:&quot;&quot;,&quot;bottom&quot;:&quot;&quot;,&quot;left&quot;:&quot;&quot;,&quot;isLinked&quot;:true},&quot;element_pack_global_tooltip_border_radius&quot;:{&quot;unit&quot;:&quot;px&quot;,&quot;top&quot;:&quot;&quot;,&quot;right&quot;:&quot;&quot;,&quot;bottom&quot;:&quot;&quot;,&quot;left&quot;:&quot;&quot;,&quot;isLinked&quot;:true},&quot;element_pack_global_tooltip_border_radius_tablet&quot;:{&quot;unit&quot;:&quot;px&quot;,&quot;top&quot;:&quot;&quot;,&quot;right&quot;:&quot;&quot;,&quot;bottom&quot;:&quot;&quot;,&quot;left&quot;:&quot;&quot;,&quot;isLinked&quot;:true},&quot;element_pack_global_tooltip_border_radius_mobile&quot;:{&quot;unit&quot;:&quot;px&quot;,&quot;top&quot;:&quot;&quot;,&quot;right&quot;:&quot;&quot;,&quot;bottom&quot;:&quot;&quot;,&quot;left&quot;:&quot;&quot;,&quot;isLinked&quot;:true}}\">\n\t\t\t\t\t\t<section class=\"elementor-section elementor-top-section elementor-element elementor-element-22e2d564 elementor-section-boxed elementor-section-height-default elementor-section-height-default\" data-id=\"22e2d564\" data-element_type=\"section\" data-settings=\"{&quot;background_background&quot;:&quot;classic&quot;}\">\n\t\t\t\t\t\t<div class=\"elementor-container elementor-column-gap-default\">\n\t\t\t\t\t<div class=\"elementor-column elementor-col-50 elementor-top-column elementor-element elementor-element-462edce1\" data-id=\"462edce1\" data-element_type=\"column\">\n\t\t\t<div class=\"elementor-widget-wrap elementor-element-populated\">\n\t\t\t\t\t\t<div class=\"elementor-element elementor-element-41a54620 elementor-invisible elementor-widget elementor-widget-image\" data-id=\"41a54620\" data-element_type=\"widget\" data-settings=\"{&quot;_animation&quot;:&quot;fadeInUp&quot;,&quot;_animation_delay&quot;:&quot;200&quot;}\" data-widget_type=\"image.default\">\n\t\t\t\t<div class=\"elementor-widget-container\">\n\t\t\t\t\t\t\t\t\t\t\t\t\t\t\t<img fetchpriority=\"high\" decoding=\"async\" width=\"1000\" height=\"1000\" src=\"https:\/\/rejuvena.ca\/wp-content\/uploads\/2025\/01\/file-8.jpg\" class=\"attachment-full size-full wp-image-5358\" alt=\"\" srcset=\"https:\/\/rejuvena.ca\/wp-content\/uploads\/2025\/01\/file-8.jpg 1000w, https:\/\/rejuvena.ca\/wp-content\/uploads\/2025\/01\/file-8-500x500.jpg 500w, https:\/\/rejuvena.ca\/wp-content\/uploads\/2025\/01\/file-8-768x768.jpg 768w, https:\/\/rejuvena.ca\/wp-content\/uploads\/2025\/01\/file-8-650x650.jpg 650w\" sizes=\"(max-width: 1000px) 100vw, 1000px\" \/>\t\t\t\t\t\t\t\t\t\t\t\t\t\t\t<\/div>\n\t\t\t\t<\/div>\n\t\t\t\t\t<\/div>\n\t\t<\/div>\n\t\t\t\t<div class=\"elementor-column elementor-col-50 elementor-top-column elementor-element elementor-element-2f1cf650\" data-id=\"2f1cf650\" data-element_type=\"column\">\n\t\t\t<div class=\"elementor-widget-wrap elementor-element-populated\">\n\t\t\t\t\t\t<div class=\"elementor-element elementor-element-8a85ac9 elementor-widget-tablet__width-initial elementor-widget-mobile__width-inherit elementor-widget elementor-widget-heading\" data-id=\"8a85ac9\" data-element_type=\"widget\" data-widget_type=\"heading.default\">\n\t\t\t\t<div class=\"elementor-widget-container\">\n\t\t\t\t\t<h2 class=\"elementor-heading-title elementor-size-default\">Catherine Nadon\n<\/h2>\t\t\t\t<\/div>\n\t\t\t\t<\/div>\n\t\t\t\t<div class=\"elementor-element elementor-element-0ab3619 elementor-widget elementor-widget-heading\" data-id=\"0ab3619\" data-element_type=\"widget\" data-settings=\"{&quot;_animation&quot;:&quot;none&quot;}\" data-widget_type=\"heading.default\">\n\t\t\t\t<div class=\"elementor-widget-container\">\n\t\t\t\t\t<h6 class=\"elementor-heading-title elementor-size-default\">Medical Aesthetic Technician<\/h6>\t\t\t\t<\/div>\n\t\t\t\t<\/div>\n\t\t\t\t<div class=\"elementor-element elementor-element-1b6ed99 elementor-widget elementor-widget-text-editor\" data-id=\"1b6ed99\" data-element_type=\"widget\" data-widget_type=\"text-editor.default\">\n\t\t\t\t<div class=\"elementor-widget-container\">\n\t\t\t\t\t\t\t\t\tCatherine completed a Professional Diploma in Aesthetics in 2007, and began her career as a\nbeauty consultant and then as a beauty department manager for a chain of pharmacies.\nCombined with her training, these positions allowed Catherine to acquire the knowledge of\nproducts, ingredients and skin types to properly advise clients struggling with various skin\nconditions.\t\t\t\t\t\t\t\t<\/div>\n\t\t\t\t<\/div>\n\t\t\t\t<div class=\"elementor-element elementor-element-ec3ab3c elementor-widget elementor-widget-text-editor\" data-id=\"ec3ab3c\" data-element_type=\"widget\" data-widget_type=\"text-editor.default\">\n\t\t\t\t<div class=\"elementor-widget-container\">\n\t\t\t\t\t\t\t\t\tSince joining Clinique Rejuvena in 2021, Catherine has held the role of medical-aesthetics\ntechnician. She performs a wide range of skin rejuvenation treatments, and consults with\npatients who want to optimize their skin care routine to achieve best results.\t\t\t\t\t\t\t\t<\/div>\n\t\t\t\t<\/div>\n\t\t\t\t<div class=\"elementor-element elementor-element-e960fff elementor-widget elementor-widget-text-editor\" data-id=\"e960fff\" data-element_type=\"widget\" data-widget_type=\"text-editor.default\">\n\t\t\t\t<div class=\"elementor-widget-container\">\n\t\t\t\t\t\t\t\t\tCatherine has always been passionate about skincare. She favors an empathetic, warm and\npersonalized approach to target every patient\u2019s specific needs and offer the best solutions. For\nCatherine, aesthetics goes beyond physical appearance. Her goal is always to help her patients\nfeel confident and comfortable in their own skin.\t\t\t\t\t\t\t\t<\/div>\n\t\t\t\t<\/div>\n\t\t\t\t<div class=\"elementor-element elementor-element-575ead2 elementor-align-left elementor-widget elementor-widget-button\" data-id=\"575ead2\" data-element_type=\"widget\" data-widget_type=\"button.default\">\n\t\t\t\t<div class=\"elementor-widget-container\">\n\t\t\t\t\t\t\t\t\t<div class=\"elementor-button-wrapper\">\n\t\t\t\t\t<a class=\"elementor-button elementor-button-link elementor-size-sm\" href=\"\/en\/our-team\/\">\n\t\t\t\t\t\t<span class=\"elementor-button-content-wrapper\">\n\t\t\t\t\t\t\t\t\t<span class=\"elementor-button-text\">Back to the team<\/span>\n\t\t\t\t\t<\/span>\n\t\t\t\t\t<\/a>\n\t\t\t\t<\/div>\n\t\t\t\t\t\t\t\t<\/div>\n\t\t\t\t<\/div>\n\t\t\t\t\t<\/div>\n\t\t<\/div>\n\t\t\t\t\t<\/div>\n\t\t<\/section>\n\t\t\t\t<\/div>\n\t\t","protected":false},"excerpt":{"rendered":"<p>Catherine Nadon Medical Aesthetic Technician Catherine completed a Professional Diploma in Aesthetics [&hellip;]<\/p>\n","protected":false},"author":5,"featured_media":4967,"parent":0,"menu_order":0,"comment_status":"closed","ping_status":"closed","template":"","meta":{"footnotes":""},"class_list":["post-6358","page","type-page","status-publish","has-post-thumbnail","hentry"],"yoast_head":"<!-- This site is optimized with the Yoast SEO plugin v25.8 - https:\/\/yoast.com\/wordpress\/plugins\/seo\/ -->\n<title>Catherine Nadon - Clinique Rejuvena - Medical aesthetics and Phlebology<\/title>\n<meta name=\"description\" content=\"Catherine Nadon, a medical-aesthetic technician for nearly 15 years, is passionate about skincare. She takes an empathetic and personalized approach to provide treatments tailored to each patient\u2019s needs.\" \/>\n<meta name=\"robots\" content=\"index, follow, max-snippet:-1, max-image-preview:large, max-video-preview:-1\" \/>\n<link rel=\"canonical\" href=\"https:\/\/rejuvena.ca\/en\/catherine-nadon\/\" \/>\n<meta property=\"og:locale\" content=\"en_US\" \/>\n<meta property=\"og:type\" content=\"article\" \/>\n<meta property=\"og:title\" content=\"Catherine Nadon - Clinique Rejuvena - Medical aesthetics and Phlebology\" \/>\n<meta property=\"og:description\" content=\"Catherine Nadon, a medical-aesthetic technician for nearly 15 years, is passionate about skincare. She takes an empathetic and personalized approach to provide treatments tailored to each patient\u2019s needs.\" \/>\n<meta property=\"og:url\" content=\"https:\/\/rejuvena.ca\/en\/catherine-nadon\/\" \/>\n<meta property=\"og:site_name\" content=\"Clinique Rejuvena\" \/>\n<meta property=\"article:modified_time\" content=\"2025-01-28T18:47:07+00:00\" \/>\n<meta property=\"og:image\" content=\"https:\/\/rejuvena.ca\/wp-content\/uploads\/2024\/10\/Catherine.jpg\" \/>\n\t<meta property=\"og:image:width\" content=\"720\" \/>\n\t<meta property=\"og:image:height\" content=\"720\" \/>\n\t<meta property=\"og:image:type\" content=\"image\/jpeg\" \/>\n<meta name=\"twitter:card\" content=\"summary_large_image\" \/>\n<meta name=\"twitter:label1\" content=\"Est. reading time\" \/>\n\t<meta name=\"twitter:data1\" content=\"1 minute\" \/>\n<script type=\"application\/ld+json\" class=\"yoast-schema-graph\">{\"@context\":\"https:\/\/schema.org\",\"@graph\":[{\"@type\":\"WebPage\",\"@id\":\"https:\/\/rejuvena.ca\/en\/catherine-nadon\/\",\"url\":\"https:\/\/rejuvena.ca\/en\/catherine-nadon\/\",\"name\":\"Catherine Nadon - Clinique Rejuvena - Medical aesthetics and Phlebology\",\"isPartOf\":{\"@id\":\"https:\/\/rejuvena.ca\/en\/#website\"},\"primaryImageOfPage\":{\"@id\":\"https:\/\/rejuvena.ca\/en\/catherine-nadon\/#primaryimage\"},\"image\":{\"@id\":\"https:\/\/rejuvena.ca\/en\/catherine-nadon\/#primaryimage\"},\"thumbnailUrl\":\"https:\/\/rejuvena.ca\/wp-content\/uploads\/2024\/10\/Catherine.jpg\",\"datePublished\":\"2024-10-22T12:22:26+00:00\",\"dateModified\":\"2025-01-28T18:47:07+00:00\",\"description\":\"Catherine Nadon, a medical-aesthetic technician for nearly 15 years, is passionate about skincare. She takes an empathetic and personalized approach to provide treatments tailored to each patient\u2019s needs.\",\"breadcrumb\":{\"@id\":\"https:\/\/rejuvena.ca\/en\/catherine-nadon\/#breadcrumb\"},\"inLanguage\":\"en-US\",\"potentialAction\":[{\"@type\":\"ReadAction\",\"target\":[\"https:\/\/rejuvena.ca\/en\/catherine-nadon\/\"]}]},{\"@type\":\"ImageObject\",\"inLanguage\":\"en-US\",\"@id\":\"https:\/\/rejuvena.ca\/en\/catherine-nadon\/#primaryimage\",\"url\":\"https:\/\/rejuvena.ca\/wp-content\/uploads\/2024\/10\/Catherine.jpg\",\"contentUrl\":\"https:\/\/rejuvena.ca\/wp-content\/uploads\/2024\/10\/Catherine.jpg\",\"width\":720,\"height\":720},{\"@type\":\"BreadcrumbList\",\"@id\":\"https:\/\/rejuvena.ca\/en\/catherine-nadon\/#breadcrumb\",\"itemListElement\":[{\"@type\":\"ListItem\",\"position\":1,\"name\":\"Accueil\",\"item\":\"https:\/\/rejuvena.ca\/en\/\"},{\"@type\":\"ListItem\",\"position\":2,\"name\":\"Catherine Nadon\"}]},{\"@type\":\"WebSite\",\"@id\":\"https:\/\/rejuvena.ca\/en\/#website\",\"url\":\"https:\/\/rejuvena.ca\/en\/\",\"name\":\"Clinique Rejuvena\",\"description\":\"Clinique M\u00e9dico-esth\u00e9tique et Phl\u00e9bologie\",\"potentialAction\":[{\"@type\":\"SearchAction\",\"target\":{\"@type\":\"EntryPoint\",\"urlTemplate\":\"https:\/\/rejuvena.ca\/en\/?s={search_term_string}\"},\"query-input\":{\"@type\":\"PropertyValueSpecification\",\"valueRequired\":true,\"valueName\":\"search_term_string\"}}],\"inLanguage\":\"en-US\"}]}<\/script>\n<!-- \/ Yoast SEO plugin. -->","yoast_head_json":{"title":"Catherine Nadon - Clinique Rejuvena - Medical aesthetics and Phlebology","description":"Catherine Nadon, a medical-aesthetic technician for nearly 15 years, is passionate about skincare. She takes an empathetic and personalized approach to provide treatments tailored to each patient\u2019s needs.","robots":{"index":"index","follow":"follow","max-snippet":"max-snippet:-1","max-image-preview":"max-image-preview:large","max-video-preview":"max-video-preview:-1"},"canonical":"https:\/\/rejuvena.ca\/en\/catherine-nadon\/","og_locale":"en_US","og_type":"article","og_title":"Catherine Nadon - Clinique Rejuvena - Medical aesthetics and Phlebology","og_description":"Catherine Nadon, a medical-aesthetic technician for nearly 15 years, is passionate about skincare. She takes an empathetic and personalized approach to provide treatments tailored to each patient\u2019s needs.","og_url":"https:\/\/rejuvena.ca\/en\/catherine-nadon\/","og_site_name":"Clinique Rejuvena","article_modified_time":"2025-01-28T18:47:07+00:00","og_image":[{"width":720,"height":720,"url":"https:\/\/rejuvena.ca\/wp-content\/uploads\/2024\/10\/Catherine.jpg","type":"image\/jpeg"}],"twitter_card":"summary_large_image","twitter_misc":{"Est. reading time":"1 minute"},"schema":{"@context":"https:\/\/schema.org","@graph":[{"@type":"WebPage","@id":"https:\/\/rejuvena.ca\/en\/catherine-nadon\/","url":"https:\/\/rejuvena.ca\/en\/catherine-nadon\/","name":"Catherine Nadon - Clinique Rejuvena - Medical aesthetics and Phlebology","isPartOf":{"@id":"https:\/\/rejuvena.ca\/en\/#website"},"primaryImageOfPage":{"@id":"https:\/\/rejuvena.ca\/en\/catherine-nadon\/#primaryimage"},"image":{"@id":"https:\/\/rejuvena.ca\/en\/catherine-nadon\/#primaryimage"},"thumbnailUrl":"https:\/\/rejuvena.ca\/wp-content\/uploads\/2024\/10\/Catherine.jpg","datePublished":"2024-10-22T12:22:26+00:00","dateModified":"2025-01-28T18:47:07+00:00","description":"Catherine Nadon, a medical-aesthetic technician for nearly 15 years, is passionate about skincare. She takes an empathetic and personalized approach to provide treatments tailored to each patient\u2019s needs.","breadcrumb":{"@id":"https:\/\/rejuvena.ca\/en\/catherine-nadon\/#breadcrumb"},"inLanguage":"en-US","potentialAction":[{"@type":"ReadAction","target":["https:\/\/rejuvena.ca\/en\/catherine-nadon\/"]}]},{"@type":"ImageObject","inLanguage":"en-US","@id":"https:\/\/rejuvena.ca\/en\/catherine-nadon\/#primaryimage","url":"https:\/\/rejuvena.ca\/wp-content\/uploads\/2024\/10\/Catherine.jpg","contentUrl":"https:\/\/rejuvena.ca\/wp-content\/uploads\/2024\/10\/Catherine.jpg","width":720,"height":720},{"@type":"BreadcrumbList","@id":"https:\/\/rejuvena.ca\/en\/catherine-nadon\/#breadcrumb","itemListElement":[{"@type":"ListItem","position":1,"name":"Accueil","item":"https:\/\/rejuvena.ca\/en\/"},{"@type":"ListItem","position":2,"name":"Catherine Nadon"}]},{"@type":"WebSite","@id":"https:\/\/rejuvena.ca\/en\/#website","url":"https:\/\/rejuvena.ca\/en\/","name":"Clinique Rejuvena","description":"Clinique M\u00e9dico-esth\u00e9tique et Phl\u00e9bologie","potentialAction":[{"@type":"SearchAction","target":{"@type":"EntryPoint","urlTemplate":"https:\/\/rejuvena.ca\/en\/?s={search_term_string}"},"query-input":{"@type":"PropertyValueSpecification","valueRequired":true,"valueName":"search_term_string"}}],"inLanguage":"en-US"}]}},"_links":{"self":[{"href":"https:\/\/rejuvena.ca\/en\/wp-json\/wp\/v2\/pages\/6358","targetHints":{"allow":["GET"]}}],"collection":[{"href":"https:\/\/rejuvena.ca\/en\/wp-json\/wp\/v2\/pages"}],"about":[{"href":"https:\/\/rejuvena.ca\/en\/wp-json\/wp\/v2\/types\/page"}],"author":[{"embeddable":true,"href":"https:\/\/rejuvena.ca\/en\/wp-json\/wp\/v2\/users\/5"}],"replies":[{"embeddable":true,"href":"https:\/\/rejuvena.ca\/en\/wp-json\/wp\/v2\/comments?post=6358"}],"version-history":[{"count":4,"href":"https:\/\/rejuvena.ca\/en\/wp-json\/wp\/v2\/pages\/6358\/revisions"}],"predecessor-version":[{"id":6362,"href":"https:\/\/rejuvena.ca\/en\/wp-json\/wp\/v2\/pages\/6358\/revisions\/6362"}],"wp:featuredmedia":[{"embeddable":true,"href":"https:\/\/rejuvena.ca\/en\/wp-json\/wp\/v2\/media\/4967"}],"wp:attachment":[{"href":"https:\/\/rejuvena.ca\/en\/wp-json\/wp\/v2\/media?parent=6358"}],"curies":[{"name":"wp","href":"https:\/\/api.w.org\/{rel}","templated":true}]}}