{"id":6370,"date":"2025-01-13T11:40:31","date_gmt":"2025-01-13T11:40:31","guid":{"rendered":"https:\/\/rejuvena.ca\/maude-robert\/"},"modified":"2025-01-28T18:53:02","modified_gmt":"2025-01-28T18:53:02","slug":"maude-robert","status":"publish","type":"page","link":"https:\/\/rejuvena.ca\/en\/maude-robert\/","title":{"rendered":"Maude Robert"},"content":{"rendered":"\t\t<div data-elementor-type=\"wp-page\" data-elementor-id=\"6370\" class=\"elementor elementor-6370 elementor-3454\" data-elementor-settings=\"{&quot;element_pack_global_tooltip_width&quot;:{&quot;unit&quot;:&quot;px&quot;,&quot;size&quot;:&quot;&quot;,&quot;sizes&quot;:[]},&quot;element_pack_global_tooltip_width_tablet&quot;:{&quot;unit&quot;:&quot;px&quot;,&quot;size&quot;:&quot;&quot;,&quot;sizes&quot;:[]},&quot;element_pack_global_tooltip_width_mobile&quot;:{&quot;unit&quot;:&quot;px&quot;,&quot;size&quot;:&quot;&quot;,&quot;sizes&quot;:[]},&quot;element_pack_global_tooltip_padding&quot;:{&quot;unit&quot;:&quot;px&quot;,&quot;top&quot;:&quot;&quot;,&quot;right&quot;:&quot;&quot;,&quot;bottom&quot;:&quot;&quot;,&quot;left&quot;:&quot;&quot;,&quot;isLinked&quot;:true},&quot;element_pack_global_tooltip_padding_tablet&quot;:{&quot;unit&quot;:&quot;px&quot;,&quot;top&quot;:&quot;&quot;,&quot;right&quot;:&quot;&quot;,&quot;bottom&quot;:&quot;&quot;,&quot;left&quot;:&quot;&quot;,&quot;isLinked&quot;:true},&quot;element_pack_global_tooltip_padding_mobile&quot;:{&quot;unit&quot;:&quot;px&quot;,&quot;top&quot;:&quot;&quot;,&quot;right&quot;:&quot;&quot;,&quot;bottom&quot;:&quot;&quot;,&quot;left&quot;:&quot;&quot;,&quot;isLinked&quot;:true},&quot;element_pack_global_tooltip_border_radius&quot;:{&quot;unit&quot;:&quot;px&quot;,&quot;top&quot;:&quot;&quot;,&quot;right&quot;:&quot;&quot;,&quot;bottom&quot;:&quot;&quot;,&quot;left&quot;:&quot;&quot;,&quot;isLinked&quot;:true},&quot;element_pack_global_tooltip_border_radius_tablet&quot;:{&quot;unit&quot;:&quot;px&quot;,&quot;top&quot;:&quot;&quot;,&quot;right&quot;:&quot;&quot;,&quot;bottom&quot;:&quot;&quot;,&quot;left&quot;:&quot;&quot;,&quot;isLinked&quot;:true},&quot;element_pack_global_tooltip_border_radius_mobile&quot;:{&quot;unit&quot;:&quot;px&quot;,&quot;top&quot;:&quot;&quot;,&quot;right&quot;:&quot;&quot;,&quot;bottom&quot;:&quot;&quot;,&quot;left&quot;:&quot;&quot;,&quot;isLinked&quot;:true}}\">\n\t\t\t\t\t\t<section class=\"elementor-section elementor-top-section elementor-element elementor-element-22e2d564 elementor-section-boxed elementor-section-height-default elementor-section-height-default\" data-id=\"22e2d564\" data-element_type=\"section\" data-settings=\"{&quot;background_background&quot;:&quot;classic&quot;}\">\n\t\t\t\t\t\t<div class=\"elementor-container elementor-column-gap-default\">\n\t\t\t\t\t<div class=\"elementor-column elementor-col-50 elementor-top-column elementor-element elementor-element-462edce1\" data-id=\"462edce1\" data-element_type=\"column\">\n\t\t\t<div class=\"elementor-widget-wrap elementor-element-populated\">\n\t\t\t\t\t\t<div class=\"elementor-element elementor-element-41a54620 elementor-invisible elementor-widget elementor-widget-image\" data-id=\"41a54620\" data-element_type=\"widget\" data-settings=\"{&quot;_animation&quot;:&quot;fadeInUp&quot;,&quot;_animation_delay&quot;:&quot;200&quot;}\" data-widget_type=\"image.default\">\n\t\t\t\t<div class=\"elementor-widget-container\">\n\t\t\t\t\t\t\t\t\t\t\t\t\t\t\t<img fetchpriority=\"high\" decoding=\"async\" width=\"1000\" height=\"1000\" src=\"https:\/\/rejuvena.ca\/wp-content\/uploads\/2025\/01\/file-7.jpg\" class=\"attachment-full size-full wp-image-5357\" alt=\"\" srcset=\"https:\/\/rejuvena.ca\/wp-content\/uploads\/2025\/01\/file-7.jpg 1000w, https:\/\/rejuvena.ca\/wp-content\/uploads\/2025\/01\/file-7-500x500.jpg 500w, https:\/\/rejuvena.ca\/wp-content\/uploads\/2025\/01\/file-7-768x768.jpg 768w, https:\/\/rejuvena.ca\/wp-content\/uploads\/2025\/01\/file-7-650x650.jpg 650w\" sizes=\"(max-width: 1000px) 100vw, 1000px\" \/>\t\t\t\t\t\t\t\t\t\t\t\t\t\t\t<\/div>\n\t\t\t\t<\/div>\n\t\t\t\t\t<\/div>\n\t\t<\/div>\n\t\t\t\t<div class=\"elementor-column elementor-col-50 elementor-top-column elementor-element elementor-element-2f1cf650\" data-id=\"2f1cf650\" data-element_type=\"column\">\n\t\t\t<div class=\"elementor-widget-wrap elementor-element-populated\">\n\t\t\t\t\t\t<div class=\"elementor-element elementor-element-8a85ac9 elementor-widget-tablet__width-initial elementor-widget-mobile__width-inherit elementor-widget elementor-widget-heading\" data-id=\"8a85ac9\" data-element_type=\"widget\" data-widget_type=\"heading.default\">\n\t\t\t\t<div class=\"elementor-widget-container\">\n\t\t\t\t\t<h2 class=\"elementor-heading-title elementor-size-default\">Maude Robert<\/h2>\t\t\t\t<\/div>\n\t\t\t\t<\/div>\n\t\t\t\t<div class=\"elementor-element elementor-element-0ab3619 elementor-widget elementor-widget-heading\" data-id=\"0ab3619\" data-element_type=\"widget\" data-settings=\"{&quot;_animation&quot;:&quot;none&quot;}\" data-widget_type=\"heading.default\">\n\t\t\t\t<div class=\"elementor-widget-container\">\n\t\t\t\t\t<h6 class=\"elementor-heading-title elementor-size-default\">Nurse Technician, specialized in phlebology<\/h6>\t\t\t\t<\/div>\n\t\t\t\t<\/div>\n\t\t\t\t<div class=\"elementor-element elementor-element-1b6ed99 elementor-widget elementor-widget-text-editor\" data-id=\"1b6ed99\" data-element_type=\"widget\" data-widget_type=\"text-editor.default\">\n\t\t\t\t<div class=\"elementor-widget-container\">\n\t\t\t\t\t\t\t\t\tMaude graduated from C\u00e9gep de Valleyfield in nursing nearly 10 years ago. At the beginning of her career, she specialized in intensive care and worked for several years in the Intensive Care\nDepartment of the Sacr\u00e9-C\u0153ur-de-Montr\u00e9al Hospital.\t\t\t\t\t\t\t\t<\/div>\n\t\t\t\t<\/div>\n\t\t\t\t<div class=\"elementor-element elementor-element-f2309e0 elementor-widget elementor-widget-text-editor\" data-id=\"f2309e0\" data-element_type=\"widget\" data-widget_type=\"text-editor.default\">\n\t\t\t\t<div class=\"elementor-widget-container\">\n\t\t\t\t\t\t\t\t\tIn addition to her work at the hospital, Maude undertook training in phlebology to become a nurse specializing in sclerotherapy. She spent two years as a nurse injector for a large network of clinics offering phlebology care and developed her competencies in the superficial treatment of venous insufficiency.\t\t\t\t\t\t\t\t<\/div>\n\t\t\t\t<\/div>\n\t\t\t\t<div class=\"elementor-element elementor-element-c979807 elementor-widget elementor-widget-text-editor\" data-id=\"c979807\" data-element_type=\"widget\" data-widget_type=\"text-editor.default\">\n\t\t\t\t<div class=\"elementor-widget-container\">\n\t\t\t\t\t\t\t\t\tAfter transitioning into management and serving as Director of Nursing at a seniors&#39; facility for a year, Maude joined Clinique Rejuvena in 2024 as a Sclerotherapy Nurse. She participates daily in the evaluation and management of patients consulting for venous disease, and delivers visual sclerotherapy treatments under Dr. Hould\u2019s direction.\t\t\t\t\t\t\t\t<\/div>\n\t\t\t\t<\/div>\n\t\t\t\t<div class=\"elementor-element elementor-element-e55c31d elementor-align-left elementor-widget elementor-widget-button\" data-id=\"e55c31d\" data-element_type=\"widget\" data-widget_type=\"button.default\">\n\t\t\t\t<div class=\"elementor-widget-container\">\n\t\t\t\t\t\t\t\t\t<div class=\"elementor-button-wrapper\">\n\t\t\t\t\t<a class=\"elementor-button elementor-button-link elementor-size-sm\" href=\"\/en\/our-team\/\">\n\t\t\t\t\t\t<span class=\"elementor-button-content-wrapper\">\n\t\t\t\t\t\t\t\t\t<span class=\"elementor-button-text\">Back to the team<\/span>\n\t\t\t\t\t<\/span>\n\t\t\t\t\t<\/a>\n\t\t\t\t<\/div>\n\t\t\t\t\t\t\t\t<\/div>\n\t\t\t\t<\/div>\n\t\t\t\t\t<\/div>\n\t\t<\/div>\n\t\t\t\t\t<\/div>\n\t\t<\/section>\n\t\t\t\t<\/div>\n\t\t","protected":false},"excerpt":{"rendered":"<p>Maude Robert Nurse Technician, specialized in phlebology Maude graduated from C\u00e9gep de [&hellip;]<\/p>\n","protected":false},"author":5,"featured_media":0,"parent":0,"menu_order":0,"comment_status":"closed","ping_status":"closed","template":"","meta":{"footnotes":""},"class_list":["post-6370","page","type-page","status-publish","hentry"],"yoast_head":"<!-- This site is optimized with the Yoast SEO plugin v25.8 - https:\/\/yoast.com\/wordpress\/plugins\/seo\/ -->\n<title>Maude Robert - Clinique Rejuvena - Medical aesthetics and Phlebology<\/title>\n<meta name=\"description\" content=\"Maude Robert, a nurse technician specializing in phlebology at Rejuvena Clinic, brings extensive experience in intensive care and sclerotherapy. Maude assesses and treats patients with venous diseases under the supervision of Dr. Hould.\" \/>\n<meta name=\"robots\" content=\"index, follow, max-snippet:-1, max-image-preview:large, max-video-preview:-1\" \/>\n<link rel=\"canonical\" href=\"https:\/\/rejuvena.ca\/en\/maude-robert\/\" \/>\n<meta property=\"og:locale\" content=\"en_US\" \/>\n<meta property=\"og:type\" content=\"article\" \/>\n<meta property=\"og:title\" content=\"Maude Robert - Clinique Rejuvena - Medical aesthetics and Phlebology\" \/>\n<meta property=\"og:description\" content=\"Maude Robert, a nurse technician specializing in phlebology at Rejuvena Clinic, brings extensive experience in intensive care and sclerotherapy. Maude assesses and treats patients with venous diseases under the supervision of Dr. Hould.\" \/>\n<meta property=\"og:url\" content=\"https:\/\/rejuvena.ca\/en\/maude-robert\/\" \/>\n<meta property=\"og:site_name\" content=\"Clinique Rejuvena\" \/>\n<meta property=\"article:modified_time\" content=\"2025-01-28T18:53:02+00:00\" \/>\n<meta property=\"og:image\" content=\"https:\/\/rejuvena.ca\/wp-content\/uploads\/2025\/01\/file-7.jpg\" \/>\n\t<meta property=\"og:image:width\" content=\"1000\" \/>\n\t<meta property=\"og:image:height\" content=\"1000\" \/>\n\t<meta property=\"og:image:type\" content=\"image\/jpeg\" \/>\n<meta name=\"twitter:card\" content=\"summary_large_image\" \/>\n<meta name=\"twitter:label1\" content=\"Est. reading time\" \/>\n\t<meta name=\"twitter:data1\" content=\"1 minute\" \/>\n<script type=\"application\/ld+json\" class=\"yoast-schema-graph\">{\"@context\":\"https:\/\/schema.org\",\"@graph\":[{\"@type\":\"WebPage\",\"@id\":\"https:\/\/rejuvena.ca\/en\/maude-robert\/\",\"url\":\"https:\/\/rejuvena.ca\/en\/maude-robert\/\",\"name\":\"Maude Robert - Clinique Rejuvena - Medical aesthetics and Phlebology\",\"isPartOf\":{\"@id\":\"https:\/\/rejuvena.ca\/en\/#website\"},\"primaryImageOfPage\":{\"@id\":\"https:\/\/rejuvena.ca\/en\/maude-robert\/#primaryimage\"},\"image\":{\"@id\":\"https:\/\/rejuvena.ca\/en\/maude-robert\/#primaryimage\"},\"thumbnailUrl\":\"https:\/\/rejuvena.ca\/wp-content\/uploads\/2025\/01\/file-7.jpg\",\"datePublished\":\"2025-01-13T11:40:31+00:00\",\"dateModified\":\"2025-01-28T18:53:02+00:00\",\"description\":\"Maude Robert, a nurse technician specializing in phlebology at Rejuvena Clinic, brings extensive experience in intensive care and sclerotherapy. Maude assesses and treats patients with venous diseases under the supervision of Dr. Hould.\",\"breadcrumb\":{\"@id\":\"https:\/\/rejuvena.ca\/en\/maude-robert\/#breadcrumb\"},\"inLanguage\":\"en-US\",\"potentialAction\":[{\"@type\":\"ReadAction\",\"target\":[\"https:\/\/rejuvena.ca\/en\/maude-robert\/\"]}]},{\"@type\":\"ImageObject\",\"inLanguage\":\"en-US\",\"@id\":\"https:\/\/rejuvena.ca\/en\/maude-robert\/#primaryimage\",\"url\":\"https:\/\/rejuvena.ca\/wp-content\/uploads\/2025\/01\/file-7.jpg\",\"contentUrl\":\"https:\/\/rejuvena.ca\/wp-content\/uploads\/2025\/01\/file-7.jpg\"},{\"@type\":\"BreadcrumbList\",\"@id\":\"https:\/\/rejuvena.ca\/en\/maude-robert\/#breadcrumb\",\"itemListElement\":[{\"@type\":\"ListItem\",\"position\":1,\"name\":\"Accueil\",\"item\":\"https:\/\/rejuvena.ca\/en\/\"},{\"@type\":\"ListItem\",\"position\":2,\"name\":\"Maude Robert\"}]},{\"@type\":\"WebSite\",\"@id\":\"https:\/\/rejuvena.ca\/en\/#website\",\"url\":\"https:\/\/rejuvena.ca\/en\/\",\"name\":\"Clinique Rejuvena\",\"description\":\"Clinique M\u00e9dico-esth\u00e9tique et Phl\u00e9bologie\",\"potentialAction\":[{\"@type\":\"SearchAction\",\"target\":{\"@type\":\"EntryPoint\",\"urlTemplate\":\"https:\/\/rejuvena.ca\/en\/?s={search_term_string}\"},\"query-input\":{\"@type\":\"PropertyValueSpecification\",\"valueRequired\":true,\"valueName\":\"search_term_string\"}}],\"inLanguage\":\"en-US\"}]}<\/script>\n<!-- \/ Yoast SEO plugin. -->","yoast_head_json":{"title":"Maude Robert - Clinique Rejuvena - Medical aesthetics and Phlebology","description":"Maude Robert, a nurse technician specializing in phlebology at Rejuvena Clinic, brings extensive experience in intensive care and sclerotherapy. Maude assesses and treats patients with venous diseases under the supervision of Dr. Hould.","robots":{"index":"index","follow":"follow","max-snippet":"max-snippet:-1","max-image-preview":"max-image-preview:large","max-video-preview":"max-video-preview:-1"},"canonical":"https:\/\/rejuvena.ca\/en\/maude-robert\/","og_locale":"en_US","og_type":"article","og_title":"Maude Robert - Clinique Rejuvena - Medical aesthetics and Phlebology","og_description":"Maude Robert, a nurse technician specializing in phlebology at Rejuvena Clinic, brings extensive experience in intensive care and sclerotherapy. Maude assesses and treats patients with venous diseases under the supervision of Dr. Hould.","og_url":"https:\/\/rejuvena.ca\/en\/maude-robert\/","og_site_name":"Clinique Rejuvena","article_modified_time":"2025-01-28T18:53:02+00:00","og_image":[{"width":1000,"height":1000,"url":"https:\/\/rejuvena.ca\/wp-content\/uploads\/2025\/01\/file-7.jpg","type":"image\/jpeg"}],"twitter_card":"summary_large_image","twitter_misc":{"Est. reading time":"1 minute"},"schema":{"@context":"https:\/\/schema.org","@graph":[{"@type":"WebPage","@id":"https:\/\/rejuvena.ca\/en\/maude-robert\/","url":"https:\/\/rejuvena.ca\/en\/maude-robert\/","name":"Maude Robert - Clinique Rejuvena - Medical aesthetics and Phlebology","isPartOf":{"@id":"https:\/\/rejuvena.ca\/en\/#website"},"primaryImageOfPage":{"@id":"https:\/\/rejuvena.ca\/en\/maude-robert\/#primaryimage"},"image":{"@id":"https:\/\/rejuvena.ca\/en\/maude-robert\/#primaryimage"},"thumbnailUrl":"https:\/\/rejuvena.ca\/wp-content\/uploads\/2025\/01\/file-7.jpg","datePublished":"2025-01-13T11:40:31+00:00","dateModified":"2025-01-28T18:53:02+00:00","description":"Maude Robert, a nurse technician specializing in phlebology at Rejuvena Clinic, brings extensive experience in intensive care and sclerotherapy. Maude assesses and treats patients with venous diseases under the supervision of Dr. Hould.","breadcrumb":{"@id":"https:\/\/rejuvena.ca\/en\/maude-robert\/#breadcrumb"},"inLanguage":"en-US","potentialAction":[{"@type":"ReadAction","target":["https:\/\/rejuvena.ca\/en\/maude-robert\/"]}]},{"@type":"ImageObject","inLanguage":"en-US","@id":"https:\/\/rejuvena.ca\/en\/maude-robert\/#primaryimage","url":"https:\/\/rejuvena.ca\/wp-content\/uploads\/2025\/01\/file-7.jpg","contentUrl":"https:\/\/rejuvena.ca\/wp-content\/uploads\/2025\/01\/file-7.jpg"},{"@type":"BreadcrumbList","@id":"https:\/\/rejuvena.ca\/en\/maude-robert\/#breadcrumb","itemListElement":[{"@type":"ListItem","position":1,"name":"Accueil","item":"https:\/\/rejuvena.ca\/en\/"},{"@type":"ListItem","position":2,"name":"Maude Robert"}]},{"@type":"WebSite","@id":"https:\/\/rejuvena.ca\/en\/#website","url":"https:\/\/rejuvena.ca\/en\/","name":"Clinique Rejuvena","description":"Clinique M\u00e9dico-esth\u00e9tique et Phl\u00e9bologie","potentialAction":[{"@type":"SearchAction","target":{"@type":"EntryPoint","urlTemplate":"https:\/\/rejuvena.ca\/en\/?s={search_term_string}"},"query-input":{"@type":"PropertyValueSpecification","valueRequired":true,"valueName":"search_term_string"}}],"inLanguage":"en-US"}]}},"_links":{"self":[{"href":"https:\/\/rejuvena.ca\/en\/wp-json\/wp\/v2\/pages\/6370","targetHints":{"allow":["GET"]}}],"collection":[{"href":"https:\/\/rejuvena.ca\/en\/wp-json\/wp\/v2\/pages"}],"about":[{"href":"https:\/\/rejuvena.ca\/en\/wp-json\/wp\/v2\/types\/page"}],"author":[{"embeddable":true,"href":"https:\/\/rejuvena.ca\/en\/wp-json\/wp\/v2\/users\/5"}],"replies":[{"embeddable":true,"href":"https:\/\/rejuvena.ca\/en\/wp-json\/wp\/v2\/comments?post=6370"}],"version-history":[{"count":4,"href":"https:\/\/rejuvena.ca\/en\/wp-json\/wp\/v2\/pages\/6370\/revisions"}],"predecessor-version":[{"id":6374,"href":"https:\/\/rejuvena.ca\/en\/wp-json\/wp\/v2\/pages\/6370\/revisions\/6374"}],"wp:attachment":[{"href":"https:\/\/rejuvena.ca\/en\/wp-json\/wp\/v2\/media?parent=6370"}],"curies":[{"name":"wp","href":"https:\/\/api.w.org\/{rel}","templated":true}]}}