{"id":6382,"date":"2025-01-13T11:45:01","date_gmt":"2025-01-13T11:45:01","guid":{"rendered":"https:\/\/rejuvena.ca\/sabrina-nascimento\/"},"modified":"2025-02-04T18:42:24","modified_gmt":"2025-02-04T18:42:24","slug":"sabrina-nascimento","status":"publish","type":"page","link":"https:\/\/rejuvena.ca\/en\/sabrina-nascimento\/","title":{"rendered":"Sabrina Nascimento"},"content":{"rendered":"\t\t<div data-elementor-type=\"wp-page\" data-elementor-id=\"6382\" class=\"elementor elementor-6382 elementor-3465\" data-elementor-settings=\"{&quot;element_pack_global_tooltip_width&quot;:{&quot;unit&quot;:&quot;px&quot;,&quot;size&quot;:&quot;&quot;,&quot;sizes&quot;:[]},&quot;element_pack_global_tooltip_width_tablet&quot;:{&quot;unit&quot;:&quot;px&quot;,&quot;size&quot;:&quot;&quot;,&quot;sizes&quot;:[]},&quot;element_pack_global_tooltip_width_mobile&quot;:{&quot;unit&quot;:&quot;px&quot;,&quot;size&quot;:&quot;&quot;,&quot;sizes&quot;:[]},&quot;element_pack_global_tooltip_padding&quot;:{&quot;unit&quot;:&quot;px&quot;,&quot;top&quot;:&quot;&quot;,&quot;right&quot;:&quot;&quot;,&quot;bottom&quot;:&quot;&quot;,&quot;left&quot;:&quot;&quot;,&quot;isLinked&quot;:true},&quot;element_pack_global_tooltip_padding_tablet&quot;:{&quot;unit&quot;:&quot;px&quot;,&quot;top&quot;:&quot;&quot;,&quot;right&quot;:&quot;&quot;,&quot;bottom&quot;:&quot;&quot;,&quot;left&quot;:&quot;&quot;,&quot;isLinked&quot;:true},&quot;element_pack_global_tooltip_padding_mobile&quot;:{&quot;unit&quot;:&quot;px&quot;,&quot;top&quot;:&quot;&quot;,&quot;right&quot;:&quot;&quot;,&quot;bottom&quot;:&quot;&quot;,&quot;left&quot;:&quot;&quot;,&quot;isLinked&quot;:true},&quot;element_pack_global_tooltip_border_radius&quot;:{&quot;unit&quot;:&quot;px&quot;,&quot;top&quot;:&quot;&quot;,&quot;right&quot;:&quot;&quot;,&quot;bottom&quot;:&quot;&quot;,&quot;left&quot;:&quot;&quot;,&quot;isLinked&quot;:true},&quot;element_pack_global_tooltip_border_radius_tablet&quot;:{&quot;unit&quot;:&quot;px&quot;,&quot;top&quot;:&quot;&quot;,&quot;right&quot;:&quot;&quot;,&quot;bottom&quot;:&quot;&quot;,&quot;left&quot;:&quot;&quot;,&quot;isLinked&quot;:true},&quot;element_pack_global_tooltip_border_radius_mobile&quot;:{&quot;unit&quot;:&quot;px&quot;,&quot;top&quot;:&quot;&quot;,&quot;right&quot;:&quot;&quot;,&quot;bottom&quot;:&quot;&quot;,&quot;left&quot;:&quot;&quot;,&quot;isLinked&quot;:true}}\">\n\t\t\t\t\t\t<section class=\"elementor-section elementor-top-section elementor-element elementor-element-22e2d564 elementor-section-boxed elementor-section-height-default elementor-section-height-default\" data-id=\"22e2d564\" data-element_type=\"section\" data-settings=\"{&quot;background_background&quot;:&quot;classic&quot;}\">\n\t\t\t\t\t\t<div class=\"elementor-container elementor-column-gap-default\">\n\t\t\t\t\t<div class=\"elementor-column elementor-col-50 elementor-top-column elementor-element elementor-element-462edce1\" data-id=\"462edce1\" data-element_type=\"column\">\n\t\t\t<div class=\"elementor-widget-wrap elementor-element-populated\">\n\t\t\t\t\t\t<div class=\"elementor-element elementor-element-41a54620 elementor-invisible elementor-widget elementor-widget-image\" data-id=\"41a54620\" data-element_type=\"widget\" data-settings=\"{&quot;_animation&quot;:&quot;fadeInUp&quot;,&quot;_animation_delay&quot;:&quot;200&quot;}\" data-widget_type=\"image.default\">\n\t\t\t\t<div class=\"elementor-widget-container\">\n\t\t\t\t\t\t\t\t\t\t\t\t\t\t\t<img fetchpriority=\"high\" decoding=\"async\" width=\"1000\" height=\"1000\" src=\"https:\/\/rejuvena.ca\/wp-content\/uploads\/2025\/01\/file-3.jpg\" class=\"attachment-full size-full wp-image-5353\" alt=\"\" srcset=\"https:\/\/rejuvena.ca\/wp-content\/uploads\/2025\/01\/file-3.jpg 1000w, https:\/\/rejuvena.ca\/wp-content\/uploads\/2025\/01\/file-3-500x500.jpg 500w, https:\/\/rejuvena.ca\/wp-content\/uploads\/2025\/01\/file-3-768x768.jpg 768w, https:\/\/rejuvena.ca\/wp-content\/uploads\/2025\/01\/file-3-650x650.jpg 650w\" sizes=\"(max-width: 1000px) 100vw, 1000px\" \/>\t\t\t\t\t\t\t\t\t\t\t\t\t\t\t<\/div>\n\t\t\t\t<\/div>\n\t\t\t\t\t<\/div>\n\t\t<\/div>\n\t\t\t\t<div class=\"elementor-column elementor-col-50 elementor-top-column elementor-element elementor-element-2f1cf650\" data-id=\"2f1cf650\" data-element_type=\"column\">\n\t\t\t<div class=\"elementor-widget-wrap elementor-element-populated\">\n\t\t\t\t\t\t<div class=\"elementor-element elementor-element-8a85ac9 elementor-widget-tablet__width-initial elementor-widget-mobile__width-inherit elementor-widget elementor-widget-heading\" data-id=\"8a85ac9\" data-element_type=\"widget\" data-widget_type=\"heading.default\">\n\t\t\t\t<div class=\"elementor-widget-container\">\n\t\t\t\t\t<h2 class=\"elementor-heading-title elementor-size-default\">Sabrina Nascimento<\/h2>\t\t\t\t<\/div>\n\t\t\t\t<\/div>\n\t\t\t\t<div class=\"elementor-element elementor-element-0ab3619 elementor-widget elementor-widget-heading\" data-id=\"0ab3619\" data-element_type=\"widget\" data-settings=\"{&quot;_animation&quot;:&quot;none&quot;}\" data-widget_type=\"heading.default\">\n\t\t\t\t<div class=\"elementor-widget-container\">\n\t\t\t\t\t<h6 class=\"elementor-heading-title elementor-size-default\">Clinical Experience Coordinator and Esthetician<\/h6>\t\t\t\t<\/div>\n\t\t\t\t<\/div>\n\t\t\t\t<div class=\"elementor-element elementor-element-1b6ed99 elementor-widget elementor-widget-text-editor\" data-id=\"1b6ed99\" data-element_type=\"widget\" data-widget_type=\"text-editor.default\">\n\t\t\t\t<div class=\"elementor-widget-container\">\n\t\t\t\t\t\t\t\t\t<p>Sabrina has been working in the medical-aesthetic world for 7 years. Prior to joining the team at Clinique Rejuvena, she held the position of Account Manager at a large company specializing in skin care.<\/p>\t\t\t\t\t\t\t\t<\/div>\n\t\t\t\t<\/div>\n\t\t\t\t<div class=\"elementor-element elementor-element-f2309e0 elementor-widget elementor-widget-text-editor\" data-id=\"f2309e0\" data-element_type=\"widget\" data-widget_type=\"text-editor.default\">\n\t\t\t\t<div class=\"elementor-widget-container\">\n\t\t\t\t\t\t\t\t\tGiven her growing interest in the field of aesthetics, she completed a diploma in medical aesthetics in 2023. As part of our team, Sabrina is responsible for welcoming, monitoring and coordinating the care offered to Clinique Rejuvena patients. She offers personalized advice to patients wishing to optimize their skin care routine. Sabrina also offers facial rejuvenation treatments.\t\t\t\t\t\t\t\t<\/div>\n\t\t\t\t<\/div>\n\t\t\t\t<div class=\"elementor-element elementor-element-c979807 elementor-widget elementor-widget-text-editor\" data-id=\"c979807\" data-element_type=\"widget\" data-widget_type=\"text-editor.default\">\n\t\t\t\t<div class=\"elementor-widget-container\">\n\t\t\t\t\t\t\t\t\tSabrina stands out for her excellent customer service, empathy, rigor and attention to detail.\nWhether in her role as Clinical Experience Coordinator or Medical Esthetician, her main objective remains to offer personalized and high-quality care and service.\t\t\t\t\t\t\t\t<\/div>\n\t\t\t\t<\/div>\n\t\t\t\t<div class=\"elementor-element elementor-element-e55c31d elementor-align-left elementor-widget elementor-widget-button\" data-id=\"e55c31d\" data-element_type=\"widget\" data-widget_type=\"button.default\">\n\t\t\t\t<div class=\"elementor-widget-container\">\n\t\t\t\t\t\t\t\t\t<div class=\"elementor-button-wrapper\">\n\t\t\t\t\t<a class=\"elementor-button elementor-button-link elementor-size-sm\" href=\"\/en\/our-team\/\">\n\t\t\t\t\t\t<span class=\"elementor-button-content-wrapper\">\n\t\t\t\t\t\t\t\t\t<span class=\"elementor-button-text\">Back to the team<\/span>\n\t\t\t\t\t<\/span>\n\t\t\t\t\t<\/a>\n\t\t\t\t<\/div>\n\t\t\t\t\t\t\t\t<\/div>\n\t\t\t\t<\/div>\n\t\t\t\t\t<\/div>\n\t\t<\/div>\n\t\t\t\t\t<\/div>\n\t\t<\/section>\n\t\t\t\t<\/div>\n\t\t","protected":false},"excerpt":{"rendered":"<p>Sabrina Nascimento Clinical Experience Coordinator and Esthetician Sabrina has been working in [&hellip;]<\/p>\n","protected":false},"author":5,"featured_media":0,"parent":0,"menu_order":0,"comment_status":"closed","ping_status":"closed","template":"","meta":{"footnotes":""},"class_list":["post-6382","page","type-page","status-publish","hentry"],"yoast_head":"<!-- This site is optimized with the Yoast SEO plugin v25.8 - https:\/\/yoast.com\/wordpress\/plugins\/seo\/ -->\n<title>Sabrina Nascimento - Clinique Rejuvena - Medical aesthetics and Phlebology<\/title>\n<meta name=\"description\" content=\"Sabrina Nascimento, clinical experience coordinator and aesthetician at Rejuvena Clinic, specializes in medical-aesthetic care. She provides personalized advice and rejuvenation treatments while ensuring exceptional service.\" \/>\n<meta name=\"robots\" content=\"index, follow, max-snippet:-1, max-image-preview:large, max-video-preview:-1\" \/>\n<link rel=\"canonical\" href=\"https:\/\/rejuvena.ca\/en\/sabrina-nascimento\/\" \/>\n<meta property=\"og:locale\" content=\"en_US\" \/>\n<meta property=\"og:type\" content=\"article\" \/>\n<meta property=\"og:title\" content=\"Sabrina Nascimento - Clinique Rejuvena - Medical aesthetics and Phlebology\" \/>\n<meta property=\"og:description\" content=\"Sabrina Nascimento, clinical experience coordinator and aesthetician at Rejuvena Clinic, specializes in medical-aesthetic care. She provides personalized advice and rejuvenation treatments while ensuring exceptional service.\" \/>\n<meta property=\"og:url\" content=\"https:\/\/rejuvena.ca\/en\/sabrina-nascimento\/\" \/>\n<meta property=\"og:site_name\" content=\"Clinique Rejuvena\" \/>\n<meta property=\"article:modified_time\" content=\"2025-02-04T18:42:24+00:00\" \/>\n<meta property=\"og:image\" content=\"https:\/\/rejuvena.ca\/wp-content\/uploads\/2025\/01\/file-3.jpg\" \/>\n<meta name=\"twitter:card\" content=\"summary_large_image\" \/>\n<meta name=\"twitter:label1\" content=\"Est. reading time\" \/>\n\t<meta name=\"twitter:data1\" content=\"1 minute\" \/>\n<script type=\"application\/ld+json\" class=\"yoast-schema-graph\">{\"@context\":\"https:\/\/schema.org\",\"@graph\":[{\"@type\":\"WebPage\",\"@id\":\"https:\/\/rejuvena.ca\/en\/sabrina-nascimento\/\",\"url\":\"https:\/\/rejuvena.ca\/en\/sabrina-nascimento\/\",\"name\":\"Sabrina Nascimento - Clinique Rejuvena - Medical aesthetics and Phlebology\",\"isPartOf\":{\"@id\":\"https:\/\/rejuvena.ca\/en\/#website\"},\"primaryImageOfPage\":{\"@id\":\"https:\/\/rejuvena.ca\/en\/sabrina-nascimento\/#primaryimage\"},\"image\":{\"@id\":\"https:\/\/rejuvena.ca\/en\/sabrina-nascimento\/#primaryimage\"},\"thumbnailUrl\":\"https:\/\/rejuvena.ca\/wp-content\/uploads\/2025\/01\/file-3.jpg\",\"datePublished\":\"2025-01-13T11:45:01+00:00\",\"dateModified\":\"2025-02-04T18:42:24+00:00\",\"description\":\"Sabrina Nascimento, clinical experience coordinator and aesthetician at Rejuvena Clinic, specializes in medical-aesthetic care. She provides personalized advice and rejuvenation treatments while ensuring exceptional service.\",\"breadcrumb\":{\"@id\":\"https:\/\/rejuvena.ca\/en\/sabrina-nascimento\/#breadcrumb\"},\"inLanguage\":\"en-US\",\"potentialAction\":[{\"@type\":\"ReadAction\",\"target\":[\"https:\/\/rejuvena.ca\/en\/sabrina-nascimento\/\"]}]},{\"@type\":\"ImageObject\",\"inLanguage\":\"en-US\",\"@id\":\"https:\/\/rejuvena.ca\/en\/sabrina-nascimento\/#primaryimage\",\"url\":\"https:\/\/rejuvena.ca\/wp-content\/uploads\/2025\/01\/file-3.jpg\",\"contentUrl\":\"https:\/\/rejuvena.ca\/wp-content\/uploads\/2025\/01\/file-3.jpg\"},{\"@type\":\"BreadcrumbList\",\"@id\":\"https:\/\/rejuvena.ca\/en\/sabrina-nascimento\/#breadcrumb\",\"itemListElement\":[{\"@type\":\"ListItem\",\"position\":1,\"name\":\"Accueil\",\"item\":\"https:\/\/rejuvena.ca\/en\/\"},{\"@type\":\"ListItem\",\"position\":2,\"name\":\"Sabrina Nascimento\"}]},{\"@type\":\"WebSite\",\"@id\":\"https:\/\/rejuvena.ca\/en\/#website\",\"url\":\"https:\/\/rejuvena.ca\/en\/\",\"name\":\"Clinique Rejuvena\",\"description\":\"Clinique M\u00e9dico-esth\u00e9tique et Phl\u00e9bologie\",\"potentialAction\":[{\"@type\":\"SearchAction\",\"target\":{\"@type\":\"EntryPoint\",\"urlTemplate\":\"https:\/\/rejuvena.ca\/en\/?s={search_term_string}\"},\"query-input\":{\"@type\":\"PropertyValueSpecification\",\"valueRequired\":true,\"valueName\":\"search_term_string\"}}],\"inLanguage\":\"en-US\"}]}<\/script>\n<!-- \/ Yoast SEO plugin. -->","yoast_head_json":{"title":"Sabrina Nascimento - Clinique Rejuvena - Medical aesthetics and Phlebology","description":"Sabrina Nascimento, clinical experience coordinator and aesthetician at Rejuvena Clinic, specializes in medical-aesthetic care. She provides personalized advice and rejuvenation treatments while ensuring exceptional service.","robots":{"index":"index","follow":"follow","max-snippet":"max-snippet:-1","max-image-preview":"max-image-preview:large","max-video-preview":"max-video-preview:-1"},"canonical":"https:\/\/rejuvena.ca\/en\/sabrina-nascimento\/","og_locale":"en_US","og_type":"article","og_title":"Sabrina Nascimento - Clinique Rejuvena - Medical aesthetics and Phlebology","og_description":"Sabrina Nascimento, clinical experience coordinator and aesthetician at Rejuvena Clinic, specializes in medical-aesthetic care. She provides personalized advice and rejuvenation treatments while ensuring exceptional service.","og_url":"https:\/\/rejuvena.ca\/en\/sabrina-nascimento\/","og_site_name":"Clinique Rejuvena","article_modified_time":"2025-02-04T18:42:24+00:00","og_image":[{"url":"https:\/\/rejuvena.ca\/wp-content\/uploads\/2025\/01\/file-3.jpg","type":"","width":"","height":""}],"twitter_card":"summary_large_image","twitter_misc":{"Est. reading time":"1 minute"},"schema":{"@context":"https:\/\/schema.org","@graph":[{"@type":"WebPage","@id":"https:\/\/rejuvena.ca\/en\/sabrina-nascimento\/","url":"https:\/\/rejuvena.ca\/en\/sabrina-nascimento\/","name":"Sabrina Nascimento - Clinique Rejuvena - Medical aesthetics and Phlebology","isPartOf":{"@id":"https:\/\/rejuvena.ca\/en\/#website"},"primaryImageOfPage":{"@id":"https:\/\/rejuvena.ca\/en\/sabrina-nascimento\/#primaryimage"},"image":{"@id":"https:\/\/rejuvena.ca\/en\/sabrina-nascimento\/#primaryimage"},"thumbnailUrl":"https:\/\/rejuvena.ca\/wp-content\/uploads\/2025\/01\/file-3.jpg","datePublished":"2025-01-13T11:45:01+00:00","dateModified":"2025-02-04T18:42:24+00:00","description":"Sabrina Nascimento, clinical experience coordinator and aesthetician at Rejuvena Clinic, specializes in medical-aesthetic care. She provides personalized advice and rejuvenation treatments while ensuring exceptional service.","breadcrumb":{"@id":"https:\/\/rejuvena.ca\/en\/sabrina-nascimento\/#breadcrumb"},"inLanguage":"en-US","potentialAction":[{"@type":"ReadAction","target":["https:\/\/rejuvena.ca\/en\/sabrina-nascimento\/"]}]},{"@type":"ImageObject","inLanguage":"en-US","@id":"https:\/\/rejuvena.ca\/en\/sabrina-nascimento\/#primaryimage","url":"https:\/\/rejuvena.ca\/wp-content\/uploads\/2025\/01\/file-3.jpg","contentUrl":"https:\/\/rejuvena.ca\/wp-content\/uploads\/2025\/01\/file-3.jpg"},{"@type":"BreadcrumbList","@id":"https:\/\/rejuvena.ca\/en\/sabrina-nascimento\/#breadcrumb","itemListElement":[{"@type":"ListItem","position":1,"name":"Accueil","item":"https:\/\/rejuvena.ca\/en\/"},{"@type":"ListItem","position":2,"name":"Sabrina Nascimento"}]},{"@type":"WebSite","@id":"https:\/\/rejuvena.ca\/en\/#website","url":"https:\/\/rejuvena.ca\/en\/","name":"Clinique Rejuvena","description":"Clinique M\u00e9dico-esth\u00e9tique et Phl\u00e9bologie","potentialAction":[{"@type":"SearchAction","target":{"@type":"EntryPoint","urlTemplate":"https:\/\/rejuvena.ca\/en\/?s={search_term_string}"},"query-input":{"@type":"PropertyValueSpecification","valueRequired":true,"valueName":"search_term_string"}}],"inLanguage":"en-US"}]}},"_links":{"self":[{"href":"https:\/\/rejuvena.ca\/en\/wp-json\/wp\/v2\/pages\/6382","targetHints":{"allow":["GET"]}}],"collection":[{"href":"https:\/\/rejuvena.ca\/en\/wp-json\/wp\/v2\/pages"}],"about":[{"href":"https:\/\/rejuvena.ca\/en\/wp-json\/wp\/v2\/types\/page"}],"author":[{"embeddable":true,"href":"https:\/\/rejuvena.ca\/en\/wp-json\/wp\/v2\/users\/5"}],"replies":[{"embeddable":true,"href":"https:\/\/rejuvena.ca\/en\/wp-json\/wp\/v2\/comments?post=6382"}],"version-history":[{"count":22,"href":"https:\/\/rejuvena.ca\/en\/wp-json\/wp\/v2\/pages\/6382\/revisions"}],"predecessor-version":[{"id":8154,"href":"https:\/\/rejuvena.ca\/en\/wp-json\/wp\/v2\/pages\/6382\/revisions\/8154"}],"wp:attachment":[{"href":"https:\/\/rejuvena.ca\/en\/wp-json\/wp\/v2\/media?parent=6382"}],"curies":[{"name":"wp","href":"https:\/\/api.w.org\/{rel}","templated":true}]}}