{"id":6673,"date":"2025-01-30T14:51:15","date_gmt":"2025-01-30T14:51:15","guid":{"rendered":"https:\/\/rejuvena.ca\/?page_id=6673"},"modified":"2025-06-11T19:53:16","modified_gmt":"2025-06-11T19:53:16","slug":"redirecting-online-appointment-platform","status":"publish","type":"page","link":"https:\/\/rejuvena.ca\/en\/redirecting-online-appointment-platform\/","title":{"rendered":"Redirecting to online appointment booking"},"content":{"rendered":"\t\t<div data-elementor-type=\"wp-page\" data-elementor-id=\"6673\" class=\"elementor elementor-6673 elementor-6672\" data-elementor-settings=\"{&quot;element_pack_global_tooltip_width&quot;:{&quot;unit&quot;:&quot;px&quot;,&quot;size&quot;:&quot;&quot;,&quot;sizes&quot;:[]},&quot;element_pack_global_tooltip_width_tablet&quot;:{&quot;unit&quot;:&quot;px&quot;,&quot;size&quot;:&quot;&quot;,&quot;sizes&quot;:[]},&quot;element_pack_global_tooltip_width_mobile&quot;:{&quot;unit&quot;:&quot;px&quot;,&quot;size&quot;:&quot;&quot;,&quot;sizes&quot;:[]},&quot;element_pack_global_tooltip_padding&quot;:{&quot;unit&quot;:&quot;px&quot;,&quot;top&quot;:&quot;&quot;,&quot;right&quot;:&quot;&quot;,&quot;bottom&quot;:&quot;&quot;,&quot;left&quot;:&quot;&quot;,&quot;isLinked&quot;:true},&quot;element_pack_global_tooltip_padding_tablet&quot;:{&quot;unit&quot;:&quot;px&quot;,&quot;top&quot;:&quot;&quot;,&quot;right&quot;:&quot;&quot;,&quot;bottom&quot;:&quot;&quot;,&quot;left&quot;:&quot;&quot;,&quot;isLinked&quot;:true},&quot;element_pack_global_tooltip_padding_mobile&quot;:{&quot;unit&quot;:&quot;px&quot;,&quot;top&quot;:&quot;&quot;,&quot;right&quot;:&quot;&quot;,&quot;bottom&quot;:&quot;&quot;,&quot;left&quot;:&quot;&quot;,&quot;isLinked&quot;:true},&quot;element_pack_global_tooltip_border_radius&quot;:{&quot;unit&quot;:&quot;px&quot;,&quot;top&quot;:&quot;&quot;,&quot;right&quot;:&quot;&quot;,&quot;bottom&quot;:&quot;&quot;,&quot;left&quot;:&quot;&quot;,&quot;isLinked&quot;:true},&quot;element_pack_global_tooltip_border_radius_tablet&quot;:{&quot;unit&quot;:&quot;px&quot;,&quot;top&quot;:&quot;&quot;,&quot;right&quot;:&quot;&quot;,&quot;bottom&quot;:&quot;&quot;,&quot;left&quot;:&quot;&quot;,&quot;isLinked&quot;:true},&quot;element_pack_global_tooltip_border_radius_mobile&quot;:{&quot;unit&quot;:&quot;px&quot;,&quot;top&quot;:&quot;&quot;,&quot;right&quot;:&quot;&quot;,&quot;bottom&quot;:&quot;&quot;,&quot;left&quot;:&quot;&quot;,&quot;isLinked&quot;:true}}\">\n\t\t\t\t<div class=\"elementor-element elementor-element-4e2bd1ae e-con-full e-flex e-con e-parent\" data-id=\"4e2bd1ae\" data-element_type=\"container\" data-settings=\"{&quot;background_background&quot;:&quot;classic&quot;}\">\n\t\t<div class=\"elementor-element elementor-element-6ff01729 e-flex e-con-boxed e-con e-child\" data-id=\"6ff01729\" data-element_type=\"container\" data-settings=\"{&quot;background_background&quot;:&quot;classic&quot;}\">\n\t\t\t\t\t<div class=\"e-con-inner\">\n\t\t<div class=\"elementor-element elementor-element-2deaf40 e-con-full e-flex e-con e-child\" data-id=\"2deaf40\" data-element_type=\"container\" data-settings=\"{&quot;background_background&quot;:&quot;classic&quot;}\">\n\t\t\t\t<div class=\"elementor-element elementor-element-fd2088a elementor-widget__width-initial elementor-widget-tablet__width-initial elementor-widget elementor-widget-image\" data-id=\"fd2088a\" data-element_type=\"widget\" data-widget_type=\"image.default\">\n\t\t\t\t<div class=\"elementor-widget-container\">\n\t\t\t\t\t\t\t\t\t\t\t\t\t\t\t<img fetchpriority=\"high\" decoding=\"async\" width=\"500\" height=\"112\" src=\"https:\/\/rejuvena.ca\/wp-content\/uploads\/2025\/01\/clinique-rejuvena-logo.png\" class=\"attachment-full size-full wp-image-5321\" alt=\"\" \/>\t\t\t\t\t\t\t\t\t\t\t\t\t\t\t<\/div>\n\t\t\t\t<\/div>\n\t\t\t\t<\/div>\n\t\t\t\t<div class=\"elementor-element elementor-element-775b0ea4 elementor-widget__width-initial elementor-widget-mobile__width-inherit elementor-invisible elementor-widget elementor-widget-heading\" data-id=\"775b0ea4\" data-element_type=\"widget\" data-settings=\"{&quot;_animation&quot;:&quot;fadeInUp&quot;,&quot;_animation_delay&quot;:&quot;200&quot;}\" data-widget_type=\"heading.default\">\n\t\t\t\t<div class=\"elementor-widget-container\">\n\t\t\t\t\t<h2 class=\"elementor-heading-title elementor-size-default\">Please wait a moment, you will be redirected to our online booking platform.\n\n\n\n\n\n\n\n\n\n\n\n\n\n\n<\/h2>\t\t\t\t<\/div>\n\t\t\t\t<\/div>\n\t\t\t\t<div class=\"elementor-element elementor-element-1ad87bf7 elementor-widget__width-initial elementor-widget-tablet__width-initial elementor-widget-mobile__width-inherit elementor-invisible elementor-widget elementor-widget-text-editor\" data-id=\"1ad87bf7\" data-element_type=\"widget\" data-settings=\"{&quot;_animation&quot;:&quot;fadeInUp&quot;,&quot;_animation_delay&quot;:&quot;240&quot;}\" data-widget_type=\"text-editor.default\">\n\t\t\t\t<div class=\"elementor-widget-container\">\n\t\t\t\t\t\t\t\t\tThank you for your trust!\t\t\t\t\t\t\t\t<\/div>\n\t\t\t\t<\/div>\n\t\t\t\t<div class=\"elementor-element elementor-element-f30058c elementor-hidden-desktop elementor-hidden-tablet elementor-hidden-mobile elementor-widget elementor-widget-html\" data-id=\"f30058c\" data-element_type=\"widget\" data-widget_type=\"html.default\">\n\t\t\t\t<div class=\"elementor-widget-container\">\n\t\t\t\t\t\t\t<meta http-equiv=\"refresh\" content=\"2; url=https:\/\/qc.pomelo.health\/rejuvena\/flow\/houldnew?lang=en#\/\">\r\n\t\tPlease wait while you are redirected...or <a href=\"https:\/\/qc.pomelo.health\/rejuvena\/flow\/houldnew?lang=en#\/\">Click Here<\/a> if you do not want to wait.\r\n\t\t\t\t<\/div>\n\t\t\t\t<\/div>\n\t\t\t\t\t<\/div>\n\t\t\t\t<\/div>\n\t\t\t\t<\/div>\n\t\t\t\t<\/div>\n\t\t","protected":false},"excerpt":{"rendered":"<p>Please wait a moment, you will be redirected to our online booking [&hellip;]<\/p>\n","protected":false},"author":2,"featured_media":5348,"parent":0,"menu_order":0,"comment_status":"closed","ping_status":"closed","template":"","meta":{"footnotes":""},"class_list":["post-6673","page","type-page","status-publish","has-post-thumbnail","hentry"],"yoast_head":"<!-- This site is optimized with the Yoast SEO plugin v25.8 - https:\/\/yoast.com\/wordpress\/plugins\/seo\/ -->\n<title>Redirecting to online appointment booking - Clinique Rejuvena - Medical aesthetics and Phlebology<\/title>\n<meta name=\"description\" content=\"Book your appointment online at Clinique Rejuvena in Saint-Lazare. Medical aesthetics, phlebology, and sports medicine. Schedule your consultation easily today!\" \/>\n<meta name=\"robots\" content=\"index, follow, max-snippet:-1, max-image-preview:large, max-video-preview:-1\" \/>\n<link rel=\"canonical\" href=\"https:\/\/rejuvena.ca\/en\/redirecting-online-appointment-platform\/\" \/>\n<meta property=\"og:locale\" content=\"en_US\" \/>\n<meta property=\"og:type\" content=\"article\" \/>\n<meta property=\"og:title\" content=\"Redirecting to online appointment booking - Clinique Rejuvena - Medical aesthetics and Phlebology\" \/>\n<meta property=\"og:description\" content=\"Book your appointment online at Clinique Rejuvena in Saint-Lazare. Medical aesthetics, phlebology, and sports medicine. Schedule your consultation easily today!\" \/>\n<meta property=\"og:url\" content=\"https:\/\/rejuvena.ca\/en\/redirecting-online-appointment-platform\/\" \/>\n<meta property=\"og:site_name\" content=\"Clinique Rejuvena\" \/>\n<meta property=\"article:modified_time\" content=\"2025-06-11T19:53:16+00:00\" \/>\n<meta property=\"og:image\" content=\"https:\/\/rejuvena.ca\/wp-content\/uploads\/2025\/01\/Lobby-3-768x512.jpg\" \/>\n\t<meta property=\"og:image:width\" content=\"768\" \/>\n\t<meta property=\"og:image:height\" content=\"512\" \/>\n\t<meta property=\"og:image:type\" content=\"image\/jpeg\" \/>\n<meta name=\"twitter:card\" content=\"summary_large_image\" \/>\n<meta name=\"twitter:label1\" content=\"Est. reading time\" \/>\n\t<meta name=\"twitter:data1\" content=\"1 minute\" \/>\n<script type=\"application\/ld+json\" class=\"yoast-schema-graph\">{\"@context\":\"https:\/\/schema.org\",\"@graph\":[{\"@type\":\"WebPage\",\"@id\":\"https:\/\/rejuvena.ca\/en\/redirecting-online-appointment-platform\/\",\"url\":\"https:\/\/rejuvena.ca\/en\/redirecting-online-appointment-platform\/\",\"name\":\"Redirecting to online appointment booking - Clinique Rejuvena - Medical aesthetics and Phlebology\",\"isPartOf\":{\"@id\":\"https:\/\/rejuvena.ca\/en\/#website\"},\"primaryImageOfPage\":{\"@id\":\"https:\/\/rejuvena.ca\/en\/redirecting-online-appointment-platform\/#primaryimage\"},\"image\":{\"@id\":\"https:\/\/rejuvena.ca\/en\/redirecting-online-appointment-platform\/#primaryimage\"},\"thumbnailUrl\":\"https:\/\/rejuvena.ca\/wp-content\/uploads\/2025\/01\/Lobby-3-scaled.jpg\",\"datePublished\":\"2025-01-30T14:51:15+00:00\",\"dateModified\":\"2025-06-11T19:53:16+00:00\",\"description\":\"Book your appointment online at Clinique Rejuvena in Saint-Lazare. Medical aesthetics, phlebology, and sports medicine. Schedule your consultation easily today!\",\"breadcrumb\":{\"@id\":\"https:\/\/rejuvena.ca\/en\/redirecting-online-appointment-platform\/#breadcrumb\"},\"inLanguage\":\"en-US\",\"potentialAction\":[{\"@type\":\"ReadAction\",\"target\":[\"https:\/\/rejuvena.ca\/en\/redirecting-online-appointment-platform\/\"]}]},{\"@type\":\"ImageObject\",\"inLanguage\":\"en-US\",\"@id\":\"https:\/\/rejuvena.ca\/en\/redirecting-online-appointment-platform\/#primaryimage\",\"url\":\"https:\/\/rejuvena.ca\/wp-content\/uploads\/2025\/01\/Lobby-3-scaled.jpg\",\"contentUrl\":\"https:\/\/rejuvena.ca\/wp-content\/uploads\/2025\/01\/Lobby-3-scaled.jpg\",\"width\":6720,\"height\":4480},{\"@type\":\"BreadcrumbList\",\"@id\":\"https:\/\/rejuvena.ca\/en\/redirecting-online-appointment-platform\/#breadcrumb\",\"itemListElement\":[{\"@type\":\"ListItem\",\"position\":1,\"name\":\"Accueil\",\"item\":\"https:\/\/rejuvena.ca\/en\/\"},{\"@type\":\"ListItem\",\"position\":2,\"name\":\"Redirecting to online appointment booking\"}]},{\"@type\":\"WebSite\",\"@id\":\"https:\/\/rejuvena.ca\/en\/#website\",\"url\":\"https:\/\/rejuvena.ca\/en\/\",\"name\":\"Clinique Rejuvena\",\"description\":\"Clinique M\u00e9dico-esth\u00e9tique et Phl\u00e9bologie\",\"potentialAction\":[{\"@type\":\"SearchAction\",\"target\":{\"@type\":\"EntryPoint\",\"urlTemplate\":\"https:\/\/rejuvena.ca\/en\/?s={search_term_string}\"},\"query-input\":{\"@type\":\"PropertyValueSpecification\",\"valueRequired\":true,\"valueName\":\"search_term_string\"}}],\"inLanguage\":\"en-US\"}]}<\/script>\n<!-- \/ Yoast SEO plugin. -->","yoast_head_json":{"title":"Redirecting to online appointment booking - Clinique Rejuvena - Medical aesthetics and Phlebology","description":"Book your appointment online at Clinique Rejuvena in Saint-Lazare. Medical aesthetics, phlebology, and sports medicine. Schedule your consultation easily today!","robots":{"index":"index","follow":"follow","max-snippet":"max-snippet:-1","max-image-preview":"max-image-preview:large","max-video-preview":"max-video-preview:-1"},"canonical":"https:\/\/rejuvena.ca\/en\/redirecting-online-appointment-platform\/","og_locale":"en_US","og_type":"article","og_title":"Redirecting to online appointment booking - Clinique Rejuvena - Medical aesthetics and Phlebology","og_description":"Book your appointment online at Clinique Rejuvena in Saint-Lazare. Medical aesthetics, phlebology, and sports medicine. Schedule your consultation easily today!","og_url":"https:\/\/rejuvena.ca\/en\/redirecting-online-appointment-platform\/","og_site_name":"Clinique Rejuvena","article_modified_time":"2025-06-11T19:53:16+00:00","og_image":[{"width":768,"height":512,"url":"https:\/\/rejuvena.ca\/wp-content\/uploads\/2025\/01\/Lobby-3-768x512.jpg","type":"image\/jpeg"}],"twitter_card":"summary_large_image","twitter_misc":{"Est. reading time":"1 minute"},"schema":{"@context":"https:\/\/schema.org","@graph":[{"@type":"WebPage","@id":"https:\/\/rejuvena.ca\/en\/redirecting-online-appointment-platform\/","url":"https:\/\/rejuvena.ca\/en\/redirecting-online-appointment-platform\/","name":"Redirecting to online appointment booking - Clinique Rejuvena - Medical aesthetics and Phlebology","isPartOf":{"@id":"https:\/\/rejuvena.ca\/en\/#website"},"primaryImageOfPage":{"@id":"https:\/\/rejuvena.ca\/en\/redirecting-online-appointment-platform\/#primaryimage"},"image":{"@id":"https:\/\/rejuvena.ca\/en\/redirecting-online-appointment-platform\/#primaryimage"},"thumbnailUrl":"https:\/\/rejuvena.ca\/wp-content\/uploads\/2025\/01\/Lobby-3-scaled.jpg","datePublished":"2025-01-30T14:51:15+00:00","dateModified":"2025-06-11T19:53:16+00:00","description":"Book your appointment online at Clinique Rejuvena in Saint-Lazare. Medical aesthetics, phlebology, and sports medicine. Schedule your consultation easily today!","breadcrumb":{"@id":"https:\/\/rejuvena.ca\/en\/redirecting-online-appointment-platform\/#breadcrumb"},"inLanguage":"en-US","potentialAction":[{"@type":"ReadAction","target":["https:\/\/rejuvena.ca\/en\/redirecting-online-appointment-platform\/"]}]},{"@type":"ImageObject","inLanguage":"en-US","@id":"https:\/\/rejuvena.ca\/en\/redirecting-online-appointment-platform\/#primaryimage","url":"https:\/\/rejuvena.ca\/wp-content\/uploads\/2025\/01\/Lobby-3-scaled.jpg","contentUrl":"https:\/\/rejuvena.ca\/wp-content\/uploads\/2025\/01\/Lobby-3-scaled.jpg","width":6720,"height":4480},{"@type":"BreadcrumbList","@id":"https:\/\/rejuvena.ca\/en\/redirecting-online-appointment-platform\/#breadcrumb","itemListElement":[{"@type":"ListItem","position":1,"name":"Accueil","item":"https:\/\/rejuvena.ca\/en\/"},{"@type":"ListItem","position":2,"name":"Redirecting to online appointment booking"}]},{"@type":"WebSite","@id":"https:\/\/rejuvena.ca\/en\/#website","url":"https:\/\/rejuvena.ca\/en\/","name":"Clinique Rejuvena","description":"Clinique M\u00e9dico-esth\u00e9tique et Phl\u00e9bologie","potentialAction":[{"@type":"SearchAction","target":{"@type":"EntryPoint","urlTemplate":"https:\/\/rejuvena.ca\/en\/?s={search_term_string}"},"query-input":{"@type":"PropertyValueSpecification","valueRequired":true,"valueName":"search_term_string"}}],"inLanguage":"en-US"}]}},"_links":{"self":[{"href":"https:\/\/rejuvena.ca\/en\/wp-json\/wp\/v2\/pages\/6673","targetHints":{"allow":["GET"]}}],"collection":[{"href":"https:\/\/rejuvena.ca\/en\/wp-json\/wp\/v2\/pages"}],"about":[{"href":"https:\/\/rejuvena.ca\/en\/wp-json\/wp\/v2\/types\/page"}],"author":[{"embeddable":true,"href":"https:\/\/rejuvena.ca\/en\/wp-json\/wp\/v2\/users\/2"}],"replies":[{"embeddable":true,"href":"https:\/\/rejuvena.ca\/en\/wp-json\/wp\/v2\/comments?post=6673"}],"version-history":[{"count":11,"href":"https:\/\/rejuvena.ca\/en\/wp-json\/wp\/v2\/pages\/6673\/revisions"}],"predecessor-version":[{"id":6861,"href":"https:\/\/rejuvena.ca\/en\/wp-json\/wp\/v2\/pages\/6673\/revisions\/6861"}],"wp:featuredmedia":[{"embeddable":true,"href":"https:\/\/rejuvena.ca\/en\/wp-json\/wp\/v2\/media\/5348"}],"wp:attachment":[{"href":"https:\/\/rejuvena.ca\/en\/wp-json\/wp\/v2\/media?parent=6673"}],"curies":[{"name":"wp","href":"https:\/\/api.w.org\/{rel}","templated":true}]}}