{"id":7011,"date":"2024-10-22T12:09:04","date_gmt":"2024-10-22T12:09:04","guid":{"rendered":"https:\/\/rejuvena.ca\/dr-jitin-sekhri\/"},"modified":"2025-02-05T13:57:08","modified_gmt":"2025-02-05T13:57:08","slug":"dr-jitin-sekhri","status":"publish","type":"page","link":"https:\/\/rejuvena.ca\/en\/dr-jitin-sekhri\/","title":{"rendered":"Dr Jitin Sekhri"},"content":{"rendered":"\t\t<div data-elementor-type=\"wp-page\" data-elementor-id=\"7011\" class=\"elementor elementor-7011 elementor-1185\" data-elementor-settings=\"{&quot;element_pack_global_tooltip_width&quot;:{&quot;unit&quot;:&quot;px&quot;,&quot;size&quot;:&quot;&quot;,&quot;sizes&quot;:[]},&quot;element_pack_global_tooltip_width_tablet&quot;:{&quot;unit&quot;:&quot;px&quot;,&quot;size&quot;:&quot;&quot;,&quot;sizes&quot;:[]},&quot;element_pack_global_tooltip_width_mobile&quot;:{&quot;unit&quot;:&quot;px&quot;,&quot;size&quot;:&quot;&quot;,&quot;sizes&quot;:[]},&quot;element_pack_global_tooltip_padding&quot;:{&quot;unit&quot;:&quot;px&quot;,&quot;top&quot;:&quot;&quot;,&quot;right&quot;:&quot;&quot;,&quot;bottom&quot;:&quot;&quot;,&quot;left&quot;:&quot;&quot;,&quot;isLinked&quot;:true},&quot;element_pack_global_tooltip_padding_tablet&quot;:{&quot;unit&quot;:&quot;px&quot;,&quot;top&quot;:&quot;&quot;,&quot;right&quot;:&quot;&quot;,&quot;bottom&quot;:&quot;&quot;,&quot;left&quot;:&quot;&quot;,&quot;isLinked&quot;:true},&quot;element_pack_global_tooltip_padding_mobile&quot;:{&quot;unit&quot;:&quot;px&quot;,&quot;top&quot;:&quot;&quot;,&quot;right&quot;:&quot;&quot;,&quot;bottom&quot;:&quot;&quot;,&quot;left&quot;:&quot;&quot;,&quot;isLinked&quot;:true},&quot;element_pack_global_tooltip_border_radius&quot;:{&quot;unit&quot;:&quot;px&quot;,&quot;top&quot;:&quot;&quot;,&quot;right&quot;:&quot;&quot;,&quot;bottom&quot;:&quot;&quot;,&quot;left&quot;:&quot;&quot;,&quot;isLinked&quot;:true},&quot;element_pack_global_tooltip_border_radius_tablet&quot;:{&quot;unit&quot;:&quot;px&quot;,&quot;top&quot;:&quot;&quot;,&quot;right&quot;:&quot;&quot;,&quot;bottom&quot;:&quot;&quot;,&quot;left&quot;:&quot;&quot;,&quot;isLinked&quot;:true},&quot;element_pack_global_tooltip_border_radius_mobile&quot;:{&quot;unit&quot;:&quot;px&quot;,&quot;top&quot;:&quot;&quot;,&quot;right&quot;:&quot;&quot;,&quot;bottom&quot;:&quot;&quot;,&quot;left&quot;:&quot;&quot;,&quot;isLinked&quot;:true}}\">\n\t\t\t\t\t\t<section class=\"elementor-section elementor-top-section elementor-element elementor-element-22e2d564 elementor-section-boxed elementor-section-height-default elementor-section-height-default\" data-id=\"22e2d564\" data-element_type=\"section\" data-settings=\"{&quot;background_background&quot;:&quot;classic&quot;}\">\n\t\t\t\t\t\t<div class=\"elementor-container elementor-column-gap-default\">\n\t\t\t\t\t<div class=\"elementor-column elementor-col-50 elementor-top-column elementor-element elementor-element-462edce1\" data-id=\"462edce1\" data-element_type=\"column\">\n\t\t\t<div class=\"elementor-widget-wrap elementor-element-populated\">\n\t\t\t\t\t\t<div class=\"elementor-element elementor-element-41a54620 elementor-invisible elementor-widget elementor-widget-image\" data-id=\"41a54620\" data-element_type=\"widget\" data-settings=\"{&quot;_animation&quot;:&quot;fadeInUp&quot;,&quot;_animation_delay&quot;:&quot;200&quot;}\" data-widget_type=\"image.default\">\n\t\t\t\t<div class=\"elementor-widget-container\">\n\t\t\t\t\t\t\t\t\t\t\t\t\t\t\t<img fetchpriority=\"high\" decoding=\"async\" width=\"939\" height=\"939\" src=\"https:\/\/rejuvena.ca\/wp-content\/uploads\/2025\/02\/dr-jitin.png\" class=\"attachment-full size-full wp-image-8756\" alt=\"\" srcset=\"https:\/\/rejuvena.ca\/wp-content\/uploads\/2025\/02\/dr-jitin.png 939w, https:\/\/rejuvena.ca\/wp-content\/uploads\/2025\/02\/dr-jitin-500x500.png 500w, https:\/\/rejuvena.ca\/wp-content\/uploads\/2025\/02\/dr-jitin-768x768.png 768w, https:\/\/rejuvena.ca\/wp-content\/uploads\/2025\/02\/dr-jitin-650x650.png 650w\" sizes=\"(max-width: 939px) 100vw, 939px\" \/>\t\t\t\t\t\t\t\t\t\t\t\t\t\t\t<\/div>\n\t\t\t\t<\/div>\n\t\t\t\t\t<\/div>\n\t\t<\/div>\n\t\t\t\t<div class=\"elementor-column elementor-col-50 elementor-top-column elementor-element elementor-element-2f1cf650\" data-id=\"2f1cf650\" data-element_type=\"column\">\n\t\t\t<div class=\"elementor-widget-wrap elementor-element-populated\">\n\t\t\t\t\t\t<div class=\"elementor-element elementor-element-8a85ac9 elementor-widget-tablet__width-initial elementor-widget-mobile__width-inherit elementor-widget elementor-widget-heading\" data-id=\"8a85ac9\" data-element_type=\"widget\" data-widget_type=\"heading.default\">\n\t\t\t\t<div class=\"elementor-widget-container\">\n\t\t\t\t\t<h2 class=\"elementor-heading-title elementor-size-default\">Dr Jitin Sekhri, MD, CFPC<\/h2>\t\t\t\t<\/div>\n\t\t\t\t<\/div>\n\t\t\t\t<div class=\"elementor-element elementor-element-6a22dc6 elementor-widget elementor-widget-heading\" data-id=\"6a22dc6\" data-element_type=\"widget\" data-settings=\"{&quot;_animation&quot;:&quot;none&quot;}\" data-widget_type=\"heading.default\">\n\t\t\t\t<div class=\"elementor-widget-container\">\n\t\t\t\t\t<h6 class=\"elementor-heading-title elementor-size-default\">Sports and Exercise Medicine, Minor Surgeries<\/h6>\t\t\t\t<\/div>\n\t\t\t\t<\/div>\n\t\t\t\t<div class=\"elementor-element elementor-element-1b6ed99 elementor-widget elementor-widget-text-editor\" data-id=\"1b6ed99\" data-element_type=\"widget\" data-widget_type=\"text-editor.default\">\n\t\t\t\t<div class=\"elementor-widget-container\">\n\t\t\t\t\t\t\t\t\tBorn and raised in Belgium, Dr. Sekhri completed an undergraduate degree in Biomedical\nSciences at Napier University of Edinburgh, Scotland in 2000, followed by a Masters of\nSciences degree in Clinical Pharmacology at the University of Glasgow in 2002. He began\nhis medical studies at the University of East Anglia in the United Kingdom, completing his\nresidency training at Cambridge University Hospitals in 2011. He completed a Fellowship in\nAcute Medicine and Musculoskeletal Medicine through the University of Ottawa in Canada\nin 2015, and certification with the Canadian Academy of Sports and Exercise Medicine in\n2023.\t\t\t\t\t\t\t\t<\/div>\n\t\t\t\t<\/div>\n\t\t\t\t<div class=\"elementor-element elementor-element-e7a31c2 elementor-widget elementor-widget-text-editor\" data-id=\"e7a31c2\" data-element_type=\"widget\" data-widget_type=\"text-editor.default\">\n\t\t\t\t<div class=\"elementor-widget-container\">\n\t\t\t\t\t\t\t\t\tDr. Sekhri has advanced training in ultrasound-guided injection techniques to complement\nhis practice in Sports and Exercise Medicine, and currently teaches ultrasound skills to\nother health-care professionals at the national level for accreditation by the Canadian Point\nof Care Ultrasound Society.\t\t\t\t\t\t\t\t<\/div>\n\t\t\t\t<\/div>\n\t\t\t\t\t<\/div>\n\t\t<\/div>\n\t\t\t\t\t<\/div>\n\t\t<\/section>\n\t\t\t\t<section class=\"elementor-section elementor-top-section elementor-element elementor-element-f64712c elementor-section-boxed elementor-section-height-default elementor-section-height-default\" data-id=\"f64712c\" data-element_type=\"section\" data-settings=\"{&quot;background_background&quot;:&quot;classic&quot;}\">\n\t\t\t\t\t\t<div class=\"elementor-container elementor-column-gap-default\">\n\t\t\t\t\t<div class=\"elementor-column elementor-col-100 elementor-top-column elementor-element elementor-element-ce67f18\" data-id=\"ce67f18\" data-element_type=\"column\">\n\t\t\t<div class=\"elementor-widget-wrap elementor-element-populated\">\n\t\t\t\t\t\t<div class=\"elementor-element elementor-element-801cf7d elementor-widget elementor-widget-text-editor\" data-id=\"801cf7d\" data-element_type=\"widget\" data-widget_type=\"text-editor.default\">\n\t\t\t\t<div class=\"elementor-widget-container\">\n\t\t\t\t\t\t\t\t\tIn addition to his work as a family and sports medicine physician, a hospitalist at\nHawkesbury General Hospital and an ultrasound instructor, Dr. Sekhri is also formally\ntrained to perform minor surgical procedures including skin biopsies, cyst and lipoma\nremoval and minor skin lesion excisions.\t\t\t\t\t\t\t\t<\/div>\n\t\t\t\t<\/div>\n\t\t\t\t<div class=\"elementor-element elementor-element-b716f07 elementor-widget elementor-widget-text-editor\" data-id=\"b716f07\" data-element_type=\"widget\" data-widget_type=\"text-editor.default\">\n\t\t\t\t<div class=\"elementor-widget-container\">\n\t\t\t\t\t\t\t\t\tDr. Jitin Sekhri is a member in good standing of the College of Family Physicians of\nCanada, the Quebec College of Physicians, the Ontario Medical Association, the Canadian\n\nAssociation of Emergency Physicians, the Canadian Association of Sports and Exercise\nMedicine, and l\u2019Association qu\u00e9b\u00e9coise des m\u00e9decins du sport et de l\u2019exercise.\t\t\t\t\t\t\t\t<\/div>\n\t\t\t\t<\/div>\n\t\t\t\t<div class=\"elementor-element elementor-element-7ddba64 elementor-align-center elementor-widget elementor-widget-button\" data-id=\"7ddba64\" data-element_type=\"widget\" data-widget_type=\"button.default\">\n\t\t\t\t<div class=\"elementor-widget-container\">\n\t\t\t\t\t\t\t\t\t<div class=\"elementor-button-wrapper\">\n\t\t\t\t\t<a class=\"elementor-button elementor-button-link elementor-size-sm\" href=\"\/en\/our-team\/\">\n\t\t\t\t\t\t<span class=\"elementor-button-content-wrapper\">\n\t\t\t\t\t\t\t\t\t<span class=\"elementor-button-text\">Back to the team<\/span>\n\t\t\t\t\t<\/span>\n\t\t\t\t\t<\/a>\n\t\t\t\t<\/div>\n\t\t\t\t\t\t\t\t<\/div>\n\t\t\t\t<\/div>\n\t\t\t\t\t<\/div>\n\t\t<\/div>\n\t\t\t\t\t<\/div>\n\t\t<\/section>\n\t\t\t\t<div class=\"elementor-section elementor-top-section elementor-element elementor-element-1a08d7c5 elementor-section-boxed elementor-section-height-default elementor-section-height-default\" data-id=\"1a08d7c5\" data-element_type=\"section\" data-settings=\"{&quot;background_background&quot;:&quot;classic&quot;}\">\n\t\t\t\t\t\t<div class=\"elementor-container elementor-column-gap-default\">\n\t\t\t\t\t<div class=\"elementor-column elementor-col-100 elementor-top-column elementor-element elementor-element-e8338cd\" data-id=\"e8338cd\" data-element_type=\"column\">\n\t\t\t<div class=\"elementor-widget-wrap elementor-element-populated\">\n\t\t\t\t\t\t<div class=\"elementor-section elementor-inner-section elementor-element elementor-element-57ac5df0 elementor-section-boxed elementor-section-height-default elementor-section-height-default\" data-id=\"57ac5df0\" data-element_type=\"section\">\n\t\t\t\t\t\t<div class=\"elementor-container elementor-column-gap-default\">\n\t\t\t\t\t<div class=\"elementor-column elementor-col-20 elementor-inner-column elementor-element elementor-element-29759ab1\" data-id=\"29759ab1\" data-element_type=\"column\">\n\t\t\t<div class=\"elementor-widget-wrap elementor-element-populated\">\n\t\t\t\t\t\t<div class=\"elementor-element elementor-element-4a31fceb elementor-widget elementor-widget-image\" data-id=\"4a31fceb\" data-element_type=\"widget\" data-widget_type=\"image.default\">\n\t\t\t\t<div class=\"elementor-widget-container\">\n\t\t\t\t\t\t\t\t\t\t\t\t\t\t\t<img decoding=\"async\" width=\"5198\" height=\"1343\" src=\"https:\/\/rejuvena.ca\/wp-content\/uploads\/2025\/01\/cfpc-logo_reversed_no-tm-updated.png\" class=\"attachment-full size-full wp-image-5342\" alt=\"\" srcset=\"https:\/\/rejuvena.ca\/wp-content\/uploads\/2025\/01\/cfpc-logo_reversed_no-tm-updated.png 5198w, https:\/\/rejuvena.ca\/wp-content\/uploads\/2025\/01\/cfpc-logo_reversed_no-tm-updated-1000x258.png 1000w, https:\/\/rejuvena.ca\/wp-content\/uploads\/2025\/01\/cfpc-logo_reversed_no-tm-updated-500x129.png 500w, https:\/\/rejuvena.ca\/wp-content\/uploads\/2025\/01\/cfpc-logo_reversed_no-tm-updated-768x198.png 768w, https:\/\/rejuvena.ca\/wp-content\/uploads\/2025\/01\/cfpc-logo_reversed_no-tm-updated-1536x397.png 1536w, https:\/\/rejuvena.ca\/wp-content\/uploads\/2025\/01\/cfpc-logo_reversed_no-tm-updated-2048x529.png 2048w, https:\/\/rejuvena.ca\/wp-content\/uploads\/2025\/01\/cfpc-logo_reversed_no-tm-updated-650x168.png 650w\" sizes=\"(max-width: 5198px) 100vw, 5198px\" \/>\t\t\t\t\t\t\t\t\t\t\t\t\t\t\t<\/div>\n\t\t\t\t<\/div>\n\t\t\t\t\t<\/div>\n\t\t<\/div>\n\t\t\t\t<div class=\"elementor-column elementor-col-20 elementor-inner-column elementor-element elementor-element-5dc551dd\" data-id=\"5dc551dd\" data-element_type=\"column\">\n\t\t\t<div class=\"elementor-widget-wrap elementor-element-populated\">\n\t\t\t\t\t\t<div class=\"elementor-element elementor-element-10810ab0 elementor-widget elementor-widget-image\" data-id=\"10810ab0\" data-element_type=\"widget\" data-widget_type=\"image.default\">\n\t\t\t\t<div class=\"elementor-widget-container\">\n\t\t\t\t\t\t\t\t\t\t\t\t\t\t\t<img decoding=\"async\" width=\"600\" height=\"248\" src=\"https:\/\/rejuvena.ca\/wp-content\/uploads\/2025\/01\/college-physicians-2.png\" class=\"attachment-full size-full wp-image-5343\" alt=\"\" srcset=\"https:\/\/rejuvena.ca\/wp-content\/uploads\/2025\/01\/college-physicians-2.png 600w, https:\/\/rejuvena.ca\/wp-content\/uploads\/2025\/01\/college-physicians-2-500x207.png 500w\" sizes=\"(max-width: 600px) 100vw, 600px\" \/>\t\t\t\t\t\t\t\t\t\t\t\t\t\t\t<\/div>\n\t\t\t\t<\/div>\n\t\t\t\t\t<\/div>\n\t\t<\/div>\n\t\t\t\t<div class=\"elementor-column elementor-col-20 elementor-inner-column elementor-element elementor-element-5dadec0e\" data-id=\"5dadec0e\" data-element_type=\"column\">\n\t\t\t<div class=\"elementor-widget-wrap elementor-element-populated\">\n\t\t\t\t\t\t<div class=\"elementor-element elementor-element-932719a elementor-widget elementor-widget-image\" data-id=\"932719a\" data-element_type=\"widget\" data-widget_type=\"image.default\">\n\t\t\t\t<div class=\"elementor-widget-container\">\n\t\t\t\t\t\t\t\t\t\t\t\t\t\t\t<img loading=\"lazy\" decoding=\"async\" width=\"460\" height=\"218\" src=\"https:\/\/rejuvena.ca\/wp-content\/uploads\/2025\/01\/Collegedesmedecins.png\" class=\"attachment-full size-full wp-image-5344\" alt=\"\" \/>\t\t\t\t\t\t\t\t\t\t\t\t\t\t\t<\/div>\n\t\t\t\t<\/div>\n\t\t\t\t\t<\/div>\n\t\t<\/div>\n\t\t\t\t<div class=\"elementor-column elementor-col-20 elementor-inner-column elementor-element elementor-element-408814bb\" data-id=\"408814bb\" data-element_type=\"column\">\n\t\t\t<div class=\"elementor-widget-wrap elementor-element-populated\">\n\t\t\t\t\t\t<div class=\"elementor-element elementor-element-aaabf72 elementor-widget elementor-widget-image\" data-id=\"aaabf72\" data-element_type=\"widget\" data-widget_type=\"image.default\">\n\t\t\t\t<div class=\"elementor-widget-container\">\n\t\t\t\t\t\t\t\t\t\t\t\t\t\t\t<img loading=\"lazy\" decoding=\"async\" width=\"152\" height=\"106\" src=\"https:\/\/rejuvena.ca\/wp-content\/uploads\/2025\/02\/logo-white.svg\" class=\"attachment-full size-full wp-image-8801\" alt=\"\" \/>\t\t\t\t\t\t\t\t\t\t\t\t\t\t\t<\/div>\n\t\t\t\t<\/div>\n\t\t\t\t\t<\/div>\n\t\t<\/div>\n\t\t\t\t<div class=\"elementor-column elementor-col-20 elementor-inner-column elementor-element elementor-element-308c6300\" data-id=\"308c6300\" data-element_type=\"column\">\n\t\t\t<div class=\"elementor-widget-wrap elementor-element-populated\">\n\t\t\t\t\t\t<div class=\"elementor-element elementor-element-4c80f8d2 elementor-widget elementor-widget-image\" data-id=\"4c80f8d2\" data-element_type=\"widget\" data-widget_type=\"image.default\">\n\t\t\t\t<div class=\"elementor-widget-container\">\n\t\t\t\t\t\t\t\t\t\t\t\t\t\t\t<img loading=\"lazy\" decoding=\"async\" width=\"264\" height=\"204\" src=\"https:\/\/rejuvena.ca\/wp-content\/uploads\/2025\/02\/caep.png\" class=\"attachment-full size-full wp-image-8792\" alt=\"\" \/>\t\t\t\t\t\t\t\t\t\t\t\t\t\t\t<\/div>\n\t\t\t\t<\/div>\n\t\t\t\t\t<\/div>\n\t\t<\/div>\n\t\t\t\t\t<\/div>\n\t\t<\/div>\n\t\t\t\t\t<\/div>\n\t\t<\/div>\n\t\t\t\t\t<\/div>\n\t\t<\/div>\n\t\t\t\t<\/div>\n\t\t","protected":false},"excerpt":{"rendered":"<p>Dr Jitin Sekhri, MD, CFPC Sports and Exercise Medicine, Minor Surgeries Born [&hellip;]<\/p>\n","protected":false},"author":5,"featured_media":4964,"parent":0,"menu_order":0,"comment_status":"closed","ping_status":"closed","template":"","meta":{"footnotes":""},"class_list":["post-7011","page","type-page","status-publish","has-post-thumbnail","hentry"],"yoast_head":"<!-- This site is optimized with the Yoast SEO plugin v25.8 - https:\/\/yoast.com\/wordpress\/plugins\/seo\/ -->\n<title>Dr Jitin Sekhri - Clinique Rejuvena - M\u00e9dico-esth\u00e9tique et Phl\u00e9bologie<\/title>\n<meta name=\"description\" content=\"D\u00e9couvrez le Dr Jitin Sekhri, sp\u00e9cialiste en m\u00e9decine du sport et de l&#039;exercice, form\u00e9 au Royaume-Uni et au Canada. Avec une expertise en techniques d&#039;injection \u00e9choguid\u00e9e et en chirurgies mineures, il offre des soins personnalis\u00e9s \u00e0 la clinique.\" \/>\n<meta name=\"robots\" content=\"index, follow, max-snippet:-1, max-image-preview:large, max-video-preview:-1\" \/>\n<link rel=\"canonical\" href=\"https:\/\/rejuvena.ca\/en\/dr-jitin-sekhri\/\" \/>\n<meta property=\"og:locale\" content=\"en_US\" \/>\n<meta property=\"og:type\" content=\"article\" \/>\n<meta property=\"og:title\" content=\"Dr Jitin Sekhri - Clinique Rejuvena - M\u00e9dico-esth\u00e9tique et Phl\u00e9bologie\" \/>\n<meta property=\"og:description\" content=\"D\u00e9couvrez le Dr Jitin Sekhri, sp\u00e9cialiste en m\u00e9decine du sport et de l&#039;exercice, form\u00e9 au Royaume-Uni et au Canada. Avec une expertise en techniques d&#039;injection \u00e9choguid\u00e9e et en chirurgies mineures, il offre des soins personnalis\u00e9s \u00e0 la clinique.\" \/>\n<meta property=\"og:url\" content=\"https:\/\/rejuvena.ca\/en\/dr-jitin-sekhri\/\" \/>\n<meta property=\"og:site_name\" content=\"Clinique Rejuvena\" \/>\n<meta property=\"article:modified_time\" content=\"2025-02-05T13:57:08+00:00\" \/>\n<meta property=\"og:image\" content=\"https:\/\/rejuvena.ca\/wp-content\/uploads\/2024\/10\/Jitin.jpg\" \/>\n\t<meta property=\"og:image:width\" content=\"720\" \/>\n\t<meta property=\"og:image:height\" content=\"720\" \/>\n\t<meta property=\"og:image:type\" content=\"image\/jpeg\" \/>\n<meta name=\"twitter:card\" content=\"summary_large_image\" \/>\n<meta name=\"twitter:label1\" content=\"Est. reading time\" \/>\n\t<meta name=\"twitter:data1\" content=\"3 minutes\" \/>\n<script type=\"application\/ld+json\" class=\"yoast-schema-graph\">{\"@context\":\"https:\/\/schema.org\",\"@graph\":[{\"@type\":\"WebPage\",\"@id\":\"https:\/\/rejuvena.ca\/en\/dr-jitin-sekhri\/\",\"url\":\"https:\/\/rejuvena.ca\/en\/dr-jitin-sekhri\/\",\"name\":\"Dr Jitin Sekhri - Clinique Rejuvena - M\u00e9dico-esth\u00e9tique et Phl\u00e9bologie\",\"isPartOf\":{\"@id\":\"https:\/\/rejuvena.ca\/en\/#website\"},\"primaryImageOfPage\":{\"@id\":\"https:\/\/rejuvena.ca\/en\/dr-jitin-sekhri\/#primaryimage\"},\"image\":{\"@id\":\"https:\/\/rejuvena.ca\/en\/dr-jitin-sekhri\/#primaryimage\"},\"thumbnailUrl\":\"https:\/\/rejuvena.ca\/wp-content\/uploads\/2024\/10\/Jitin.jpg\",\"datePublished\":\"2024-10-22T12:09:04+00:00\",\"dateModified\":\"2025-02-05T13:57:08+00:00\",\"description\":\"D\u00e9couvrez le Dr Jitin Sekhri, sp\u00e9cialiste en m\u00e9decine du sport et de l'exercice, form\u00e9 au Royaume-Uni et au Canada. Avec une expertise en techniques d'injection \u00e9choguid\u00e9e et en chirurgies mineures, il offre des soins personnalis\u00e9s \u00e0 la clinique.\",\"breadcrumb\":{\"@id\":\"https:\/\/rejuvena.ca\/en\/dr-jitin-sekhri\/#breadcrumb\"},\"inLanguage\":\"en-US\",\"potentialAction\":[{\"@type\":\"ReadAction\",\"target\":[\"https:\/\/rejuvena.ca\/en\/dr-jitin-sekhri\/\"]}]},{\"@type\":\"ImageObject\",\"inLanguage\":\"en-US\",\"@id\":\"https:\/\/rejuvena.ca\/en\/dr-jitin-sekhri\/#primaryimage\",\"url\":\"https:\/\/rejuvena.ca\/wp-content\/uploads\/2024\/10\/Jitin.jpg\",\"contentUrl\":\"https:\/\/rejuvena.ca\/wp-content\/uploads\/2024\/10\/Jitin.jpg\",\"width\":720,\"height\":720},{\"@type\":\"BreadcrumbList\",\"@id\":\"https:\/\/rejuvena.ca\/en\/dr-jitin-sekhri\/#breadcrumb\",\"itemListElement\":[{\"@type\":\"ListItem\",\"position\":1,\"name\":\"Accueil\",\"item\":\"https:\/\/rejuvena.ca\/en\/\"},{\"@type\":\"ListItem\",\"position\":2,\"name\":\"Dr Jitin Sekhri\"}]},{\"@type\":\"WebSite\",\"@id\":\"https:\/\/rejuvena.ca\/en\/#website\",\"url\":\"https:\/\/rejuvena.ca\/en\/\",\"name\":\"Clinique Rejuvena\",\"description\":\"Clinique M\u00e9dico-esth\u00e9tique et Phl\u00e9bologie\",\"potentialAction\":[{\"@type\":\"SearchAction\",\"target\":{\"@type\":\"EntryPoint\",\"urlTemplate\":\"https:\/\/rejuvena.ca\/en\/?s={search_term_string}\"},\"query-input\":{\"@type\":\"PropertyValueSpecification\",\"valueRequired\":true,\"valueName\":\"search_term_string\"}}],\"inLanguage\":\"en-US\"}]}<\/script>\n<!-- \/ Yoast SEO plugin. -->","yoast_head_json":{"title":"Dr Jitin Sekhri - Clinique Rejuvena - M\u00e9dico-esth\u00e9tique et Phl\u00e9bologie","description":"D\u00e9couvrez le Dr Jitin Sekhri, sp\u00e9cialiste en m\u00e9decine du sport et de l'exercice, form\u00e9 au Royaume-Uni et au Canada. Avec une expertise en techniques d'injection \u00e9choguid\u00e9e et en chirurgies mineures, il offre des soins personnalis\u00e9s \u00e0 la clinique.","robots":{"index":"index","follow":"follow","max-snippet":"max-snippet:-1","max-image-preview":"max-image-preview:large","max-video-preview":"max-video-preview:-1"},"canonical":"https:\/\/rejuvena.ca\/en\/dr-jitin-sekhri\/","og_locale":"en_US","og_type":"article","og_title":"Dr Jitin Sekhri - Clinique Rejuvena - M\u00e9dico-esth\u00e9tique et Phl\u00e9bologie","og_description":"D\u00e9couvrez le Dr Jitin Sekhri, sp\u00e9cialiste en m\u00e9decine du sport et de l'exercice, form\u00e9 au Royaume-Uni et au Canada. Avec une expertise en techniques d'injection \u00e9choguid\u00e9e et en chirurgies mineures, il offre des soins personnalis\u00e9s \u00e0 la clinique.","og_url":"https:\/\/rejuvena.ca\/en\/dr-jitin-sekhri\/","og_site_name":"Clinique Rejuvena","article_modified_time":"2025-02-05T13:57:08+00:00","og_image":[{"width":720,"height":720,"url":"https:\/\/rejuvena.ca\/wp-content\/uploads\/2024\/10\/Jitin.jpg","type":"image\/jpeg"}],"twitter_card":"summary_large_image","twitter_misc":{"Est. reading time":"3 minutes"},"schema":{"@context":"https:\/\/schema.org","@graph":[{"@type":"WebPage","@id":"https:\/\/rejuvena.ca\/en\/dr-jitin-sekhri\/","url":"https:\/\/rejuvena.ca\/en\/dr-jitin-sekhri\/","name":"Dr Jitin Sekhri - Clinique Rejuvena - M\u00e9dico-esth\u00e9tique et Phl\u00e9bologie","isPartOf":{"@id":"https:\/\/rejuvena.ca\/en\/#website"},"primaryImageOfPage":{"@id":"https:\/\/rejuvena.ca\/en\/dr-jitin-sekhri\/#primaryimage"},"image":{"@id":"https:\/\/rejuvena.ca\/en\/dr-jitin-sekhri\/#primaryimage"},"thumbnailUrl":"https:\/\/rejuvena.ca\/wp-content\/uploads\/2024\/10\/Jitin.jpg","datePublished":"2024-10-22T12:09:04+00:00","dateModified":"2025-02-05T13:57:08+00:00","description":"D\u00e9couvrez le Dr Jitin Sekhri, sp\u00e9cialiste en m\u00e9decine du sport et de l'exercice, form\u00e9 au Royaume-Uni et au Canada. Avec une expertise en techniques d'injection \u00e9choguid\u00e9e et en chirurgies mineures, il offre des soins personnalis\u00e9s \u00e0 la clinique.","breadcrumb":{"@id":"https:\/\/rejuvena.ca\/en\/dr-jitin-sekhri\/#breadcrumb"},"inLanguage":"en-US","potentialAction":[{"@type":"ReadAction","target":["https:\/\/rejuvena.ca\/en\/dr-jitin-sekhri\/"]}]},{"@type":"ImageObject","inLanguage":"en-US","@id":"https:\/\/rejuvena.ca\/en\/dr-jitin-sekhri\/#primaryimage","url":"https:\/\/rejuvena.ca\/wp-content\/uploads\/2024\/10\/Jitin.jpg","contentUrl":"https:\/\/rejuvena.ca\/wp-content\/uploads\/2024\/10\/Jitin.jpg","width":720,"height":720},{"@type":"BreadcrumbList","@id":"https:\/\/rejuvena.ca\/en\/dr-jitin-sekhri\/#breadcrumb","itemListElement":[{"@type":"ListItem","position":1,"name":"Accueil","item":"https:\/\/rejuvena.ca\/en\/"},{"@type":"ListItem","position":2,"name":"Dr Jitin Sekhri"}]},{"@type":"WebSite","@id":"https:\/\/rejuvena.ca\/en\/#website","url":"https:\/\/rejuvena.ca\/en\/","name":"Clinique Rejuvena","description":"Clinique M\u00e9dico-esth\u00e9tique et Phl\u00e9bologie","potentialAction":[{"@type":"SearchAction","target":{"@type":"EntryPoint","urlTemplate":"https:\/\/rejuvena.ca\/en\/?s={search_term_string}"},"query-input":{"@type":"PropertyValueSpecification","valueRequired":true,"valueName":"search_term_string"}}],"inLanguage":"en-US"}]}},"_links":{"self":[{"href":"https:\/\/rejuvena.ca\/en\/wp-json\/wp\/v2\/pages\/7011","targetHints":{"allow":["GET"]}}],"collection":[{"href":"https:\/\/rejuvena.ca\/en\/wp-json\/wp\/v2\/pages"}],"about":[{"href":"https:\/\/rejuvena.ca\/en\/wp-json\/wp\/v2\/types\/page"}],"author":[{"embeddable":true,"href":"https:\/\/rejuvena.ca\/en\/wp-json\/wp\/v2\/users\/5"}],"replies":[{"embeddable":true,"href":"https:\/\/rejuvena.ca\/en\/wp-json\/wp\/v2\/comments?post=7011"}],"version-history":[{"count":16,"href":"https:\/\/rejuvena.ca\/en\/wp-json\/wp\/v2\/pages\/7011\/revisions"}],"predecessor-version":[{"id":8816,"href":"https:\/\/rejuvena.ca\/en\/wp-json\/wp\/v2\/pages\/7011\/revisions\/8816"}],"wp:featuredmedia":[{"embeddable":true,"href":"https:\/\/rejuvena.ca\/en\/wp-json\/wp\/v2\/media\/4964"}],"wp:attachment":[{"href":"https:\/\/rejuvena.ca\/en\/wp-json\/wp\/v2\/media?parent=7011"}],"curies":[{"name":"wp","href":"https:\/\/api.w.org\/{rel}","templated":true}]}}