{"id":9239,"date":"2025-06-05T17:54:54","date_gmt":"2025-06-05T17:54:54","guid":{"rendered":"https:\/\/rejuvena.ca\/?page_id=9239"},"modified":"2025-09-11T19:37:13","modified_gmt":"2025-09-11T19:37:13","slug":"redirecting-online-appointment","status":"publish","type":"page","link":"https:\/\/rejuvena.ca\/en\/redirecting-online-appointment\/","title":{"rendered":"Online appointment booking"},"content":{"rendered":"\t\t<div data-elementor-type=\"wp-page\" data-elementor-id=\"9239\" class=\"elementor elementor-9239\" data-elementor-settings=\"{&quot;element_pack_global_tooltip_width&quot;:{&quot;unit&quot;:&quot;px&quot;,&quot;size&quot;:&quot;&quot;,&quot;sizes&quot;:[]},&quot;element_pack_global_tooltip_width_tablet&quot;:{&quot;unit&quot;:&quot;px&quot;,&quot;size&quot;:&quot;&quot;,&quot;sizes&quot;:[]},&quot;element_pack_global_tooltip_width_mobile&quot;:{&quot;unit&quot;:&quot;px&quot;,&quot;size&quot;:&quot;&quot;,&quot;sizes&quot;:[]},&quot;element_pack_global_tooltip_padding&quot;:{&quot;unit&quot;:&quot;px&quot;,&quot;top&quot;:&quot;&quot;,&quot;right&quot;:&quot;&quot;,&quot;bottom&quot;:&quot;&quot;,&quot;left&quot;:&quot;&quot;,&quot;isLinked&quot;:true},&quot;element_pack_global_tooltip_padding_tablet&quot;:{&quot;unit&quot;:&quot;px&quot;,&quot;top&quot;:&quot;&quot;,&quot;right&quot;:&quot;&quot;,&quot;bottom&quot;:&quot;&quot;,&quot;left&quot;:&quot;&quot;,&quot;isLinked&quot;:true},&quot;element_pack_global_tooltip_padding_mobile&quot;:{&quot;unit&quot;:&quot;px&quot;,&quot;top&quot;:&quot;&quot;,&quot;right&quot;:&quot;&quot;,&quot;bottom&quot;:&quot;&quot;,&quot;left&quot;:&quot;&quot;,&quot;isLinked&quot;:true},&quot;element_pack_global_tooltip_border_radius&quot;:{&quot;unit&quot;:&quot;px&quot;,&quot;top&quot;:&quot;&quot;,&quot;right&quot;:&quot;&quot;,&quot;bottom&quot;:&quot;&quot;,&quot;left&quot;:&quot;&quot;,&quot;isLinked&quot;:true},&quot;element_pack_global_tooltip_border_radius_tablet&quot;:{&quot;unit&quot;:&quot;px&quot;,&quot;top&quot;:&quot;&quot;,&quot;right&quot;:&quot;&quot;,&quot;bottom&quot;:&quot;&quot;,&quot;left&quot;:&quot;&quot;,&quot;isLinked&quot;:true},&quot;element_pack_global_tooltip_border_radius_mobile&quot;:{&quot;unit&quot;:&quot;px&quot;,&quot;top&quot;:&quot;&quot;,&quot;right&quot;:&quot;&quot;,&quot;bottom&quot;:&quot;&quot;,&quot;left&quot;:&quot;&quot;,&quot;isLinked&quot;:true}}\">\n\t\t\t\t<div class=\"elementor-element elementor-element-9825848 e-con-full e-flex e-con e-parent\" data-id=\"9825848\" data-element_type=\"container\" data-settings=\"{&quot;background_background&quot;:&quot;classic&quot;}\">\n\t\t<div class=\"elementor-element elementor-element-fff33a9 e-flex e-con-boxed e-con e-child\" data-id=\"fff33a9\" data-element_type=\"container\" data-settings=\"{&quot;background_background&quot;:&quot;classic&quot;}\">\n\t\t\t\t\t<div class=\"e-con-inner\">\n\t\t\t\t<div class=\"elementor-element elementor-element-737d2e2 elementor-widget__width-inherit elementor-widget elementor-widget-heading\" data-id=\"737d2e2\" data-element_type=\"widget\" data-widget_type=\"heading.default\">\n\t\t\t\t<div class=\"elementor-widget-container\">\n\t\t\t\t\t<h2 class=\"elementor-heading-title elementor-size-default\">Book an appointment online<\/h2>\t\t\t\t<\/div>\n\t\t\t\t<\/div>\n\t\t<div class=\"elementor-element elementor-element-4c46d42 e-con-full e-flex e-con e-child\" data-id=\"4c46d42\" data-element_type=\"container\">\n\t\t<div class=\"elementor-element elementor-element-6853a5c e-con-full e-flex e-con e-child\" data-id=\"6853a5c\" data-element_type=\"container\" data-settings=\"{&quot;background_background&quot;:&quot;classic&quot;}\">\n\t\t\t\t<div class=\"elementor-element elementor-element-a320bd7 elementor-widget elementor-widget-heading\" data-id=\"a320bd7\" data-element_type=\"widget\" data-widget_type=\"heading.default\">\n\t\t\t\t<div class=\"elementor-widget-container\">\n\t\t\t\t\t<h3 class=\"elementor-heading-title elementor-size-default\">Already our patient?<\/h3>\t\t\t\t<\/div>\n\t\t\t\t<\/div>\n\t\t\t\t<div class=\"elementor-element elementor-element-89b06c8 elementor-widget elementor-widget-text-editor\" data-id=\"89b06c8\" data-element_type=\"widget\" data-widget_type=\"text-editor.default\">\n\t\t\t\t<div class=\"elementor-widget-container\">\n\t\t\t\t\t\t\t\t\t<p>Click on the <strong data-start=\"345\" data-end=\"369\">\u00ab Already a patient \u00bb<\/strong> to book an appointment or to change an existing one.<\/p>\t\t\t\t\t\t\t\t<\/div>\n\t\t\t\t<\/div>\n\t\t\t\t<div class=\"elementor-element elementor-element-31c1a41 elementor-widget elementor-widget-button\" data-id=\"31c1a41\" data-element_type=\"widget\" data-widget_type=\"button.default\">\n\t\t\t\t<div class=\"elementor-widget-container\">\n\t\t\t\t\t\t\t\t\t<div class=\"elementor-button-wrapper\">\n\t\t\t\t\t<a class=\"elementor-button elementor-button-link elementor-size-sm\" href=\"https:\/\/qc.pomelo.health\/rejuvena\/flow\/houldguest\">\n\t\t\t\t\t\t<span class=\"elementor-button-content-wrapper\">\n\t\t\t\t\t\t\t\t\t<span class=\"elementor-button-text\">Already a patient<\/span>\n\t\t\t\t\t<\/span>\n\t\t\t\t\t<\/a>\n\t\t\t\t<\/div>\n\t\t\t\t\t\t\t\t<\/div>\n\t\t\t\t<\/div>\n\t\t\t\t<\/div>\n\t\t<div class=\"elementor-element elementor-element-fd6e10e e-con-full e-flex e-con e-child\" data-id=\"fd6e10e\" data-element_type=\"container\" data-settings=\"{&quot;background_background&quot;:&quot;classic&quot;}\">\n\t\t\t\t<div class=\"elementor-element elementor-element-ca03e66 elementor-widget elementor-widget-heading\" data-id=\"ca03e66\" data-element_type=\"widget\" data-widget_type=\"heading.default\">\n\t\t\t\t<div class=\"elementor-widget-container\">\n\t\t\t\t\t<h3 class=\"elementor-heading-title elementor-size-default\">New patient form<\/h3>\t\t\t\t<\/div>\n\t\t\t\t<\/div>\n\t\t\t\t<div class=\"elementor-element elementor-element-e843a1b elementor-widget elementor-widget-text-editor\" data-id=\"e843a1b\" data-element_type=\"widget\" data-widget_type=\"text-editor.default\">\n\t\t\t\t<div class=\"elementor-widget-container\">\n\t\t\t\t\t\t\t\t\t<sub>*No time slots available? Contact us by phone at <a style=\"color: black; text-decoration: underline;\" href=\"tel:4505103737\">450-510-3737<\/a>; additional availabilities may be offered.<\/sub>\t\t\t\t\t\t\t\t<\/div>\n\t\t\t\t<\/div>\n\t\t\t\t<div class=\"elementor-element elementor-element-5d32c2b elementor-widget elementor-widget-formidable\" data-id=\"5d32c2b\" data-element_type=\"widget\" data-widget_type=\"formidable.default\">\n\t\t\t\t<div class=\"elementor-widget-container\">\n\t\t\t\t\t<div class=\"frm_forms  with_frm_style frm_style_style-formidable\" id=\"frm_form_8_container\" >\n<form enctype=\"multipart\/form-data\" method=\"post\" class=\"frm-show-form \" id=\"form_contact-form22\" >\n<div class=\"frm_form_fields \">\n<fieldset>\n<legend class=\"frm_screen_reader\">Online appointment<\/legend>\r\n\r\n<div class=\"frm_fields_container\">\n<input type=\"hidden\" name=\"frm_action\" value=\"create\" \/>\n<input type=\"hidden\" name=\"form_id\" value=\"8\" \/>\n<input type=\"hidden\" name=\"frm_hide_fields_8\" id=\"frm_hide_fields_8\" value=\"\" \/>\n<input type=\"hidden\" name=\"form_key\" value=\"contact-form22\" \/>\n<input type=\"hidden\" name=\"item_meta[0]\" value=\"\" \/>\n<input type=\"hidden\" id=\"frm_submit_entry_8\" name=\"frm_submit_entry_8\" value=\"d2c027a339\" \/><input type=\"hidden\" name=\"_wp_http_referer\" value=\"\/en\/wp-json\/wp\/v2\/pages\/9239\" \/><div id=\"frm_field_47_container\" class=\"frm_form_field form-field  frm_required_field frm_top_container frm12 frm_first\">\r\n\t<label for=\"field_qh4icy4\" id=\"field_qh4icy4_label\" class=\"frm_primary_label\">Full name\r\n\t\t<span class=\"frm_required\" aria-hidden=\"true\"><\/span>\r\n\t<\/label>\r\n\t<input type=\"text\" id=\"field_qh4icy4\" name=\"item_meta[47]\" value=\"\"  data-reqmsg=\"Full name ne peut pas \u00eatre vide.\" aria-required=\"true\" data-invmsg=\"Full name est non valide\" aria-invalid=\"false\"  \/>\r\n\t\r\n\t\r\n<\/div>\n<div id=\"frm_field_48_container\" class=\"frm_form_field form-field  frm_required_field frm_top_container frm6 frm_first\">\r\n\t<label for=\"field_29yf4d4\" id=\"field_29yf4d4_label\" class=\"frm_primary_label\">Email\r\n\t\t<span class=\"frm_required\" aria-hidden=\"true\"><\/span>\r\n\t<\/label>\r\n\t<input type=\"email\" id=\"field_29yf4d4\" name=\"item_meta[48]\" value=\"\"  data-reqmsg=\"Email ne peut pas \u00eatre vide.\" aria-required=\"true\" data-invmsg=\"Please enter a valid email address\" aria-invalid=\"false\"  \/>\r\n\t\r\n\t\r\n<\/div>\n<div id=\"frm_field_49_container\" class=\"frm_form_field form-field  frm_top_container frm6\">\r\n\t<label for=\"field_m46xk4\" id=\"field_m46xk4_label\" class=\"frm_primary_label\">Phone\r\n\t\t<span class=\"frm_required\" aria-hidden=\"true\"><\/span>\r\n\t<\/label>\r\n\t<input type=\"tel\" id=\"field_m46xk4\" name=\"item_meta[49]\" value=\"\"  data-invmsg=\"Phone est non valide\" aria-invalid=\"false\" pattern=\"((\\+\\d{1,3}(-|.| )?\\(?\\d\\)?(-| |.)?\\d{1,5})|(\\(?\\d{2,6}\\)?))(-|.| )?(\\d{3,4})(-|.| )?(\\d{4})(( x| ext)\\d{1,5}){0,1}$\"  \/>\r\n\t\r\n\t\r\n<\/div>\n<div id=\"frm_field_50_container\" class=\"frm_form_field form-field  frm_none_container\">\r\n\t<label for=\"g-recaptcha-response\" id=\"field_4tjvx3_label\" class=\"frm_primary_label\">Captcha\r\n\t\t<span class=\"frm_required\" aria-hidden=\"true\"><\/span>\r\n\t<\/label>\r\n\t<div  id=\"field_4tjvx3\" class=\"g-recaptcha\" data-sitekey=\"6LeMR9QqAAAAAIXiiWAz4iFDTfKFtgNasEkv3iph\" data-size=\"invisible\" data-theme=\"light\" data-callback=\"frmAfterRecaptcha\"><\/div>\r\n\t\r\n\t\r\n<\/div>\n<div id=\"frm_field_51_container\" class=\"frm_form_field form-field \">\r\n\t<div class=\"frm_submit frm_flex\">\r\n<button class=\"frm_button_submit\" type=\"submit\"  >Submit<\/button>\r\n\r\n\r\n\r\n<\/div>\r\n<\/div>\n\t<input type=\"hidden\" name=\"item_key\" value=\"\" \/>\n\t\t\t<div id=\"frm_field_52_container\">\n\t\t\t<label for=\"field_af8vj\" >\n\t\t\t\tIf you are human, leave this field blank.\t\t\t<\/label>\n\t\t\t<input  id=\"field_af8vj\" type=\"text\" class=\"frm_form_field form-field frm_verify\" name=\"item_meta[52]\" value=\"\"  \/>\n\t\t<\/div>\n\t\t<input name=\"frm_state\" type=\"hidden\" value=\"49TMgAeA+IekDAwTnbqXce00OP2cDvdIPZvyhUN2PJE=\" \/><\/div>\n<\/fieldset>\n<\/div>\n\n<\/form>\n<\/div>\n\t\t\t\t<\/div>\n\t\t\t\t<\/div>\n\t\t\t\t<\/div>\n\t\t\t\t<\/div>\n\t\t\t\t\t<\/div>\n\t\t\t\t<\/div>\n\t\t\t\t<\/div>\n\t\t\t\t<\/div>\n\t\t","protected":false},"excerpt":{"rendered":"<p>Book an appointment online Already our patient? Click on the \u00ab Already [&hellip;]<\/p>\n","protected":false},"author":3,"featured_media":5348,"parent":0,"menu_order":0,"comment_status":"closed","ping_status":"closed","template":"","meta":{"footnotes":""},"class_list":["post-9239","page","type-page","status-publish","has-post-thumbnail","hentry"],"yoast_head":"<!-- This site is optimized with the Yoast SEO plugin v25.8 - https:\/\/yoast.com\/wordpress\/plugins\/seo\/ -->\n<title>Online appointment booking - Clinique Rejuvena - Medical aesthetics and Phlebology<\/title>\n<meta name=\"description\" content=\"Book your appointment online at Clinique Rejuvena in Saint-Lazare. Medical aesthetics, phlebology, and sports medicine. Schedule your consultation easily today!\" \/>\n<meta name=\"robots\" content=\"index, follow, max-snippet:-1, max-image-preview:large, max-video-preview:-1\" \/>\n<link rel=\"canonical\" href=\"https:\/\/rejuvena.ca\/en\/redirecting-online-appointment\/\" \/>\n<meta property=\"og:locale\" content=\"en_US\" \/>\n<meta property=\"og:type\" content=\"article\" \/>\n<meta property=\"og:title\" content=\"Online appointment booking - Clinique Rejuvena - Medical aesthetics and Phlebology\" \/>\n<meta property=\"og:description\" content=\"Book your appointment online at Clinique Rejuvena in Saint-Lazare. Medical aesthetics, phlebology, and sports medicine. Schedule your consultation easily today!\" \/>\n<meta property=\"og:url\" content=\"https:\/\/rejuvena.ca\/en\/redirecting-online-appointment\/\" \/>\n<meta property=\"og:site_name\" content=\"Clinique Rejuvena\" \/>\n<meta property=\"article:modified_time\" content=\"2025-09-11T19:37:13+00:00\" \/>\n<meta property=\"og:image\" content=\"https:\/\/rejuvena.ca\/wp-content\/uploads\/2025\/01\/Lobby-3-768x512.jpg\" \/>\n\t<meta property=\"og:image:width\" content=\"768\" \/>\n\t<meta property=\"og:image:height\" content=\"512\" \/>\n\t<meta property=\"og:image:type\" content=\"image\/jpeg\" \/>\n<meta name=\"twitter:card\" content=\"summary_large_image\" \/>\n<meta name=\"twitter:label1\" content=\"Est. reading time\" \/>\n\t<meta name=\"twitter:data1\" content=\"1 minute\" \/>\n<script type=\"application\/ld+json\" class=\"yoast-schema-graph\">{\"@context\":\"https:\/\/schema.org\",\"@graph\":[{\"@type\":\"WebPage\",\"@id\":\"https:\/\/rejuvena.ca\/en\/redirecting-online-appointment\/\",\"url\":\"https:\/\/rejuvena.ca\/en\/redirecting-online-appointment\/\",\"name\":\"Online appointment booking - Clinique Rejuvena - Medical aesthetics and Phlebology\",\"isPartOf\":{\"@id\":\"https:\/\/rejuvena.ca\/en\/#website\"},\"primaryImageOfPage\":{\"@id\":\"https:\/\/rejuvena.ca\/en\/redirecting-online-appointment\/#primaryimage\"},\"image\":{\"@id\":\"https:\/\/rejuvena.ca\/en\/redirecting-online-appointment\/#primaryimage\"},\"thumbnailUrl\":\"https:\/\/rejuvena.ca\/wp-content\/uploads\/2025\/01\/Lobby-3-scaled.jpg\",\"datePublished\":\"2025-06-05T17:54:54+00:00\",\"dateModified\":\"2025-09-11T19:37:13+00:00\",\"description\":\"Book your appointment online at Clinique Rejuvena in Saint-Lazare. Medical aesthetics, phlebology, and sports medicine. Schedule your consultation easily today!\",\"breadcrumb\":{\"@id\":\"https:\/\/rejuvena.ca\/en\/redirecting-online-appointment\/#breadcrumb\"},\"inLanguage\":\"en-US\",\"potentialAction\":[{\"@type\":\"ReadAction\",\"target\":[\"https:\/\/rejuvena.ca\/en\/redirecting-online-appointment\/\"]}]},{\"@type\":\"ImageObject\",\"inLanguage\":\"en-US\",\"@id\":\"https:\/\/rejuvena.ca\/en\/redirecting-online-appointment\/#primaryimage\",\"url\":\"https:\/\/rejuvena.ca\/wp-content\/uploads\/2025\/01\/Lobby-3-scaled.jpg\",\"contentUrl\":\"https:\/\/rejuvena.ca\/wp-content\/uploads\/2025\/01\/Lobby-3-scaled.jpg\",\"width\":6720,\"height\":4480},{\"@type\":\"BreadcrumbList\",\"@id\":\"https:\/\/rejuvena.ca\/en\/redirecting-online-appointment\/#breadcrumb\",\"itemListElement\":[{\"@type\":\"ListItem\",\"position\":1,\"name\":\"Accueil\",\"item\":\"https:\/\/rejuvena.ca\/en\/\"},{\"@type\":\"ListItem\",\"position\":2,\"name\":\"Online appointment booking\"}]},{\"@type\":\"WebSite\",\"@id\":\"https:\/\/rejuvena.ca\/en\/#website\",\"url\":\"https:\/\/rejuvena.ca\/en\/\",\"name\":\"Clinique Rejuvena\",\"description\":\"Clinique M\u00e9dico-esth\u00e9tique et Phl\u00e9bologie\",\"potentialAction\":[{\"@type\":\"SearchAction\",\"target\":{\"@type\":\"EntryPoint\",\"urlTemplate\":\"https:\/\/rejuvena.ca\/en\/?s={search_term_string}\"},\"query-input\":{\"@type\":\"PropertyValueSpecification\",\"valueRequired\":true,\"valueName\":\"search_term_string\"}}],\"inLanguage\":\"en-US\"}]}<\/script>\n<!-- \/ Yoast SEO plugin. -->","yoast_head_json":{"title":"Online appointment booking - Clinique Rejuvena - Medical aesthetics and Phlebology","description":"Book your appointment online at Clinique Rejuvena in Saint-Lazare. Medical aesthetics, phlebology, and sports medicine. Schedule your consultation easily today!","robots":{"index":"index","follow":"follow","max-snippet":"max-snippet:-1","max-image-preview":"max-image-preview:large","max-video-preview":"max-video-preview:-1"},"canonical":"https:\/\/rejuvena.ca\/en\/redirecting-online-appointment\/","og_locale":"en_US","og_type":"article","og_title":"Online appointment booking - Clinique Rejuvena - Medical aesthetics and Phlebology","og_description":"Book your appointment online at Clinique Rejuvena in Saint-Lazare. Medical aesthetics, phlebology, and sports medicine. Schedule your consultation easily today!","og_url":"https:\/\/rejuvena.ca\/en\/redirecting-online-appointment\/","og_site_name":"Clinique Rejuvena","article_modified_time":"2025-09-11T19:37:13+00:00","og_image":[{"width":768,"height":512,"url":"https:\/\/rejuvena.ca\/wp-content\/uploads\/2025\/01\/Lobby-3-768x512.jpg","type":"image\/jpeg"}],"twitter_card":"summary_large_image","twitter_misc":{"Est. reading time":"1 minute"},"schema":{"@context":"https:\/\/schema.org","@graph":[{"@type":"WebPage","@id":"https:\/\/rejuvena.ca\/en\/redirecting-online-appointment\/","url":"https:\/\/rejuvena.ca\/en\/redirecting-online-appointment\/","name":"Online appointment booking - Clinique Rejuvena - Medical aesthetics and Phlebology","isPartOf":{"@id":"https:\/\/rejuvena.ca\/en\/#website"},"primaryImageOfPage":{"@id":"https:\/\/rejuvena.ca\/en\/redirecting-online-appointment\/#primaryimage"},"image":{"@id":"https:\/\/rejuvena.ca\/en\/redirecting-online-appointment\/#primaryimage"},"thumbnailUrl":"https:\/\/rejuvena.ca\/wp-content\/uploads\/2025\/01\/Lobby-3-scaled.jpg","datePublished":"2025-06-05T17:54:54+00:00","dateModified":"2025-09-11T19:37:13+00:00","description":"Book your appointment online at Clinique Rejuvena in Saint-Lazare. Medical aesthetics, phlebology, and sports medicine. Schedule your consultation easily today!","breadcrumb":{"@id":"https:\/\/rejuvena.ca\/en\/redirecting-online-appointment\/#breadcrumb"},"inLanguage":"en-US","potentialAction":[{"@type":"ReadAction","target":["https:\/\/rejuvena.ca\/en\/redirecting-online-appointment\/"]}]},{"@type":"ImageObject","inLanguage":"en-US","@id":"https:\/\/rejuvena.ca\/en\/redirecting-online-appointment\/#primaryimage","url":"https:\/\/rejuvena.ca\/wp-content\/uploads\/2025\/01\/Lobby-3-scaled.jpg","contentUrl":"https:\/\/rejuvena.ca\/wp-content\/uploads\/2025\/01\/Lobby-3-scaled.jpg","width":6720,"height":4480},{"@type":"BreadcrumbList","@id":"https:\/\/rejuvena.ca\/en\/redirecting-online-appointment\/#breadcrumb","itemListElement":[{"@type":"ListItem","position":1,"name":"Accueil","item":"https:\/\/rejuvena.ca\/en\/"},{"@type":"ListItem","position":2,"name":"Online appointment booking"}]},{"@type":"WebSite","@id":"https:\/\/rejuvena.ca\/en\/#website","url":"https:\/\/rejuvena.ca\/en\/","name":"Clinique Rejuvena","description":"Clinique M\u00e9dico-esth\u00e9tique et Phl\u00e9bologie","potentialAction":[{"@type":"SearchAction","target":{"@type":"EntryPoint","urlTemplate":"https:\/\/rejuvena.ca\/en\/?s={search_term_string}"},"query-input":{"@type":"PropertyValueSpecification","valueRequired":true,"valueName":"search_term_string"}}],"inLanguage":"en-US"}]}},"_links":{"self":[{"href":"https:\/\/rejuvena.ca\/en\/wp-json\/wp\/v2\/pages\/9239","targetHints":{"allow":["GET"]}}],"collection":[{"href":"https:\/\/rejuvena.ca\/en\/wp-json\/wp\/v2\/pages"}],"about":[{"href":"https:\/\/rejuvena.ca\/en\/wp-json\/wp\/v2\/types\/page"}],"author":[{"embeddable":true,"href":"https:\/\/rejuvena.ca\/en\/wp-json\/wp\/v2\/users\/3"}],"replies":[{"embeddable":true,"href":"https:\/\/rejuvena.ca\/en\/wp-json\/wp\/v2\/comments?post=9239"}],"version-history":[{"count":34,"href":"https:\/\/rejuvena.ca\/en\/wp-json\/wp\/v2\/pages\/9239\/revisions"}],"predecessor-version":[{"id":9535,"href":"https:\/\/rejuvena.ca\/en\/wp-json\/wp\/v2\/pages\/9239\/revisions\/9535"}],"wp:featuredmedia":[{"embeddable":true,"href":"https:\/\/rejuvena.ca\/en\/wp-json\/wp\/v2\/media\/5348"}],"wp:attachment":[{"href":"https:\/\/rejuvena.ca\/en\/wp-json\/wp\/v2\/media?parent=9239"}],"curies":[{"name":"wp","href":"https:\/\/api.w.org\/{rel}","templated":true}]}}